{"id":3482,"date":"2021-09-14T16:07:39","date_gmt":"2021-09-14T19:07:39","guid":{"rendered":"https:\/\/abicann.org\/press\/"},"modified":"2025-04-07T23:07:50","modified_gmt":"2025-04-08T02:07:50","slug":"press","status":"publish","type":"page","link":"https:\/\/abicann.org\/en\/press\/","title":{"rendered":"Press"},"content":{"rendered":"<p><div class=\"fusion-fullwidth fullwidth-box fusion-builder-row-1 fusion-flex-container nonhundred-percent-fullwidth non-hundred-percent-height-scrolling\" style=\"--awb-border-radius-top-left:0px;--awb-border-radius-top-right:0px;--awb-border-radius-bottom-right:0px;--awb-border-radius-bottom-left:0px;\" ><div class=\"fusion-builder-row fusion-row fusion-flex-align-items-flex-start\" style=\"max-width:1331.2px;margin-left: calc(-4% \/ 2 );margin-right: calc(-4% \/ 2 );\"><div class=\"fusion-layout-column fusion_builder_column fusion-builder-column-0 fusion_builder_column_1_6 1_6 fusion-flex-column fusion-no-small-visibility\" style=\"--awb-bg-size:cover;--awb-width-large:16.666666666667%;--awb-margin-top-large:10px;--awb-spacing-right-large:11.52%;--awb-margin-bottom-large:10px;--awb-spacing-left-large:11.52%;--awb-width-medium:100%;--awb-order-medium:0;--awb-spacing-right-medium:1.92%;--awb-spacing-left-medium:1.92%;--awb-width-small:100%;--awb-order-small:0;--awb-spacing-right-small:1.92%;--awb-spacing-left-small:1.92%;\"><div class=\"fusion-column-wrapper fusion-column-has-shadow fusion-flex-justify-content-flex-start fusion-content-layout-column\"><\/div><\/div><div class=\"fusion-layout-column fusion_builder_column fusion-builder-column-1 fusion_builder_column_1_3 1_3 fusion-flex-column\" style=\"--awb-bg-size:cover;--awb-width-large:33.333333333333%;--awb-margin-top-large:10px;--awb-spacing-right-large:5.76%;--awb-margin-bottom-large:10px;--awb-spacing-left-large:5.76%;--awb-width-medium:100%;--awb-order-medium:0;--awb-spacing-right-medium:1.92%;--awb-spacing-left-medium:1.92%;--awb-width-small:100%;--awb-order-small:0;--awb-spacing-right-small:1.92%;--awb-spacing-left-small:1.92%;\"><div class=\"fusion-column-wrapper fusion-column-has-shadow fusion-flex-justify-content-flex-start fusion-content-layout-column\"><div class=\"fusion-text fusion-text-1\"><p>Area for journalists and professionals who work in the official production of information and news. Journalists and Press Officers can use the channel to dialogue with the ABICANN Communication Department. Follow the latest releases and audiovisual content available:<\/p>\n<\/div><div class=\"fusion-separator fusion-no-small-visibility fusion-full-width-sep\" style=\"align-self: center;margin-left: auto;margin-right: auto;margin-top:35px;width:100%;\"><\/div><\/div><\/div><div class=\"fusion-layout-column fusion_builder_column fusion-builder-column-2 fusion_builder_column_1_3 1_3 fusion-flex-column\" style=\"--awb-bg-size:cover;--awb-width-large:33.333333333333%;--awb-margin-top-large:10px;--awb-spacing-right-large:5.76%;--awb-margin-bottom-large:10px;--awb-spacing-left-large:5.76%;--awb-width-medium:100%;--awb-order-medium:0;--awb-spacing-right-medium:1.92%;--awb-spacing-left-medium:1.92%;--awb-width-small:100%;--awb-order-small:0;--awb-spacing-right-small:1.92%;--awb-spacing-left-small:1.92%;\"><div class=\"fusion-column-wrapper fusion-column-has-shadow fusion-flex-justify-content-flex-start fusion-content-layout-column\"><div class=\"fusion-text fusion-text-2\"><p><strong>Adriana Dias<\/strong><br \/>\nPublic Relations (PR)<br \/>\n<a href=\"mailto:press@abicann.org\">press@abicann.org<\/a><br \/>\n+55 13 9 9607-9093<\/p>\n<p><strong>Carol Aguiar<\/strong><br \/>\nGovernment Relations<br \/>\n<a href=\"mailto:portal@abicann.org\">portal@abicann.org<\/a><br \/>\n+55 11 9 9527-3429<\/p>\n<\/div><div class=\"fusion-separator fusion-full-width-sep\" style=\"align-self: center;margin-left: auto;margin-right: auto;margin-top:35px;width:100%;\"><\/div><\/div><\/div><div class=\"fusion-layout-column fusion_builder_column fusion-builder-column-3 fusion_builder_column_1_6 1_6 fusion-flex-column fusion-no-small-visibility\" style=\"--awb-bg-size:cover;--awb-width-large:16.666666666667%;--awb-margin-top-large:10px;--awb-spacing-right-large:11.52%;--awb-margin-bottom-large:10px;--awb-spacing-left-large:11.52%;--awb-width-medium:100%;--awb-order-medium:0;--awb-spacing-right-medium:1.92%;--awb-spacing-left-medium:1.92%;--awb-width-small:100%;--awb-order-small:0;--awb-spacing-right-small:1.92%;--awb-spacing-left-small:1.92%;\"><div class=\"fusion-column-wrapper fusion-column-has-shadow fusion-flex-justify-content-flex-start fusion-content-layout-column\"><\/div><\/div><\/div><\/div><div class=\"fusion-fullwidth fullwidth-box fusion-builder-row-2 fusion-flex-container nonhundred-percent-fullwidth non-hundred-percent-height-scrolling\" style=\"--awb-border-radius-top-left:0px;--awb-border-radius-top-right:0px;--awb-border-radius-bottom-right:0px;--awb-border-radius-bottom-left:0px;\" ><div class=\"fusion-builder-row fusion-row fusion-flex-align-items-flex-start\" style=\"max-width:1331.2px;margin-left: calc(-4% \/ 2 );margin-right: calc(-4% \/ 2 );\"><div class=\"fusion-layout-column fusion_builder_column fusion-builder-column-4 fusion_builder_column_1_6 1_6 fusion-flex-column fusion-no-small-visibility\" style=\"--awb-bg-size:cover;--awb-width-large:16.666666666667%;--awb-margin-top-large:10px;--awb-spacing-right-large:11.52%;--awb-margin-bottom-large:10px;--awb-spacing-left-large:11.52%;--awb-width-medium:100%;--awb-order-medium:0;--awb-spacing-right-medium:1.92%;--awb-spacing-left-medium:1.92%;--awb-width-small:100%;--awb-order-small:0;--awb-spacing-right-small:1.92%;--awb-spacing-left-small:1.92%;\"><div class=\"fusion-column-wrapper fusion-column-has-shadow fusion-flex-justify-content-flex-start fusion-content-layout-column\"><\/div><\/div><div class=\"fusion-layout-column fusion_builder_column fusion-builder-column-5 fusion_builder_column_2_3 2_3 fusion-flex-column\" style=\"--awb-bg-size:cover;--awb-width-large:66.666666666667%;--awb-margin-top-large:10px;--awb-spacing-right-large:2.88%;--awb-margin-bottom-large:10px;--awb-spacing-left-large:2.88%;--awb-width-medium:100%;--awb-order-medium:0;--awb-spacing-right-medium:1.92%;--awb-spacing-left-medium:1.92%;--awb-width-small:100%;--awb-order-small:0;--awb-spacing-right-small:1.92%;--awb-spacing-left-small:1.92%;\"><div class=\"fusion-column-wrapper fusion-column-has-shadow fusion-flex-justify-content-flex-start fusion-content-layout-column\"><div class='w3eden'>\n    <div class=''>\n\n        <form method=\"get\" class=\"\" data-container=\"#content_wpdm_package_1\" id=\"sc_form_wpdm_package_1\" style=\"margin-bottom: 15px\">\n    \n            <div class=\"card panel panel-default wpdm-shortcode-toolbar\">\n                <div class=\"card-body panel-body\">\n                    <div class=\"row\">\n                        <div class=\"col-lg-6 col-md-12\">\n                            <input type=\"search\" name=\"skw\" value=\"\" placeholder=\"Search Keyword...\" class=\"form-control\" \/>\n                        <\/div>\n                        <div class=\"col-lg-2 col-md-4\">\n                            <select name=\"orderby\" class=\"wpdm-custom-select custom-select\">\n                                <option value=\"date\" disabled=\"disabled\">Order By:<\/option>\n                                <option value=\"date\" >Publish Date<\/option>\n                                <option value=\"title\" >Title<\/option>\n                                <option value=\"update_date\" >Update Date<\/option>\n                                <option value=\"downloads\" >Downloads<\/option>\n                                <option value=\"views\" >Views<\/option>\n                            <\/select>\n                        <\/div>\n                        <div class=\"col-lg-2 col-md-4\">\n                            <select name=\"order\" class=\"wpdm-custom-select custom-select\">\n                                <option value=\"desc\" disabled=\"disabled\">Order:<\/option>\n                                <option value=\"desc\" >Descending<\/option>\n                                <option value=\"asc\" >Ascending<\/option>\n                            <\/select>\n                        <\/div>\n                        <div class=\"col-lg-2 col-md-4\">\n                            <button type=\"submit\" class=\"btn btn-secondary btn-block\">Apply Filter<\/button>\n                        <\/div>\n                    <\/div>\n                <\/div>\n            <\/div>\n\n            <\/form>\n<div class=\"spacer mb-3 d-block clearfix\"><\/div>\n\n        <div id=\"content_wpdm_package_1\">\n            <div class='row'><div class='col-lg-12 col-md-6 col-12'><!-- WPDM Link Template: Default Template (Extended) -->\n\n<div class=\"card card-default\">\n    <div class=\"card-body\">\n \n    <div class=\"media\">\n        <div class=\"pull-left\"><img decoding=\"async\" class=\"wpdm_icon\" alt=\"Icon\" src=\"https:\/\/abicann.org\/wp-content\/plugins\/download-manager\/assets\/file-type-icons\/pdf.svg\" \/><\/div>\n        <div class=\"media-body\"><strong class=\"ptitle\">POSICIONAMENTO M\u00c9DICO E CIENT\u00cdFICO DA ABICANN SOBRE A RESOLU\u00c7\u00c3O CFM 2.324\/22<\/strong>\n            \n            <div><strong><a class='wpdm-download-link download-on-click btn btn-primary btn-lg' rel='nofollow' href='#' data-downloadurl=\"https:\/\/abicann.org\/en\/download\/posicionamento-medico-e-cientifico-da-abicann-sobre-a-resolucao-cfm-2-324-22\/?wpdmdl=5402&refresh=69e7478684cc01776764806\">Download<\/a><\/strong><\/div>\n        <\/div>\n    <\/div>\n \n \n    <\/div>\n    <div class=\"card-footer\"><span class=\"pull-right\">19 downloads<\/span>431.34 KB<\/div>\n<\/div><\/div><div class='col-lg-12 col-md-6 col-12'><!-- WPDM Link Template: Default Template (Extended) -->\n\n<div class=\"card card-default\">\n    <div class=\"card-body\">\n \n    <div class=\"media\">\n        <div class=\"pull-left\"><img decoding=\"async\" class=\"wpdm_icon\" alt=\"Icon\" src=\"https:\/\/abicann.org\/wp-content\/plugins\/download-manager\/assets\/file-type-icons\/pdf.svg\" \/><\/div>\n        <div class=\"media-body\"><strong class=\"ptitle\">CARTA P\u00daBLICA DA ABICANN AOS PODERES, AO EMPRESARIADO E \u00c0 SOCIEDADE BRASILEIRA<\/strong>\n            \n            <div><strong><a class='wpdm-download-link download-on-click btn btn-primary btn-lg' rel='nofollow' href='#' data-downloadurl=\"https:\/\/abicann.org\/en\/download\/carta-publica-da-abicann-aos-poderes-ao-empresariado-e-a-sociedade-brasileira\/?wpdmdl=4924&refresh=69e7478689b771776764806\">Download<\/a><\/strong><\/div>\n        <\/div>\n    <\/div>\n \n \n    <\/div>\n    <div class=\"card-footer\"><span class=\"pull-right\">17 downloads<\/span>293.92 KB<\/div>\n<\/div><\/div><div class='col-lg-12 col-md-6 col-12'><!-- WPDM Link Template: Default Template (Extended) -->\n\n<div class=\"card card-default\">\n    <div class=\"card-body\">\n \n    <div class=\"media\">\n        <div class=\"pull-left\"><img decoding=\"async\" class=\"wpdm_icon\" alt=\"Icon\" src=\"https:\/\/abicann.org\/wp-content\/plugins\/download-manager\/assets\/file-type-icons\/pdf.svg\" \/><\/div>\n        <div class=\"media-body\"><strong class=\"ptitle\">ABICANN: CANNABIS INDUSTRY LAUNCHES ENTITY THAT STIMULATES BUSINESS IN BRAZIL<\/strong>\n            \n            <div><strong><a class='wpdm-download-link download-on-click btn btn-primary btn-lg' rel='nofollow' href='#' data-downloadurl=\"https:\/\/abicann.org\/en\/download\/abicann-cannabis-industry-launches-entity-that-stimulates-business-in-brazil\/?wpdmdl=3307&refresh=69e747868cdf81776764806\">Download<\/a><\/strong><\/div>\n        <\/div>\n    <\/div>\n \n \n    <\/div>\n    <div class=\"card-footer\"><span class=\"pull-right\">12 downloads<\/span>214.87 KB<\/div>\n<\/div><\/div><\/div>            <div style='clear:both'><\/div><div class='text-center'><ul class='pagination wpdm-pagination pagination-centered text-center'><\/ul><\/div><div style='clear:both'><\/div>        <\/div>\n\n        <div style='clear:both'><\/div>\n    <\/div>\n<\/div>\n<\/div><\/div><div class=\"fusion-layout-column fusion_builder_column fusion-builder-column-6 fusion_builder_column_1_6 1_6 fusion-flex-column fusion-no-small-visibility\" style=\"--awb-bg-size:cover;--awb-width-large:16.666666666667%;--awb-margin-top-large:10px;--awb-spacing-right-large:11.52%;--awb-margin-bottom-large:10px;--awb-spacing-left-large:11.52%;--awb-width-medium:100%;--awb-order-medium:0;--awb-spacing-right-medium:1.92%;--awb-spacing-left-medium:1.92%;--awb-width-small:100%;--awb-order-small:0;--awb-spacing-right-small:1.92%;--awb-spacing-left-small:1.92%;\"><div class=\"fusion-column-wrapper fusion-column-has-shadow fusion-flex-justify-content-flex-start fusion-content-layout-column\"><\/div><\/div><\/div><\/div><\/p>\n","protected":false},"excerpt":{"rendered":"","protected":false},"author":3,"featured_media":0,"parent":0,"menu_order":0,"comment_status":"closed","ping_status":"closed","template":"100-width.php","meta":{"footnotes":""},"yoast_head":"<!-- This site is optimized with the Yoast SEO plugin v22.1 - https:\/\/yoast.com\/wordpress\/plugins\/seo\/ -->\n<title>Press | Associa\u00e7\u00e3o Brasileira das Ind\u00fastrias de Cannabis | ABICANN<\/title>\n<meta name=\"robots\" content=\"index, follow, max-snippet:-1, max-image-preview:large, max-video-preview:-1\" \/>\n<link rel=\"canonical\" href=\"https:\/\/abicann.org\/en\/press\/\" \/>\n<meta name=\"twitter:label1\" content=\"Est. reading time\" \/>\n\t<meta name=\"twitter:data1\" content=\"6 minutes\" \/>\n<script type=\"application\/ld+json\" class=\"yoast-schema-graph\">{\"@context\":\"https:\/\/schema.org\",\"@graph\":[{\"@type\":\"WebPage\",\"@id\":\"https:\/\/abicann.org\/en\/press\/\",\"url\":\"https:\/\/abicann.org\/en\/press\/\",\"name\":\"Press | Associa\u00e7\u00e3o Brasileira das Ind\u00fastrias de Cannabis | ABICANN\",\"isPartOf\":{\"@id\":\"https:\/\/abicann.org\/#website\"},\"datePublished\":\"2021-09-14T19:07:39+00:00\",\"dateModified\":\"2025-04-08T02:07:50+00:00\",\"breadcrumb\":{\"@id\":\"https:\/\/abicann.org\/en\/press\/#breadcrumb\"},\"inLanguage\":\"en-US\",\"potentialAction\":[{\"@type\":\"ReadAction\",\"target\":[\"https:\/\/abicann.org\/en\/press\/\"]}]},{\"@type\":\"BreadcrumbList\",\"@id\":\"https:\/\/abicann.org\/en\/press\/#breadcrumb\",\"itemListElement\":[{\"@type\":\"ListItem\",\"position\":1,\"name\":\"In\u00edcio\",\"item\":\"https:\/\/abicann.org\/en\/\"},{\"@type\":\"ListItem\",\"position\":2,\"name\":\"Press\"}]},{\"@type\":\"WebSite\",\"@id\":\"https:\/\/abicann.org\/#website\",\"url\":\"https:\/\/abicann.org\/\",\"name\":\"Associa\u00e7\u00e3o Brasileira das Ind\u00fastrias de Cannabis | ABICANN\",\"description\":\"Associa\u00e7\u00e3o empresarial de defesa da Cannabis no Brasil\",\"potentialAction\":[{\"@type\":\"SearchAction\",\"target\":{\"@type\":\"EntryPoint\",\"urlTemplate\":\"https:\/\/abicann.org\/?s={search_term_string}\"},\"query-input\":\"required name=search_term_string\"}],\"inLanguage\":\"en-US\"}]}<\/script>\n<!-- \/ Yoast SEO plugin. -->","yoast_head_json":{"title":"Press | Associa\u00e7\u00e3o Brasileira das Ind\u00fastrias de Cannabis | ABICANN","robots":{"index":"index","follow":"follow","max-snippet":"max-snippet:-1","max-image-preview":"max-image-preview:large","max-video-preview":"max-video-preview:-1"},"canonical":"https:\/\/abicann.org\/en\/press\/","twitter_misc":{"Est. reading time":"6 minutes"},"schema":{"@context":"https:\/\/schema.org","@graph":[{"@type":"WebPage","@id":"https:\/\/abicann.org\/en\/press\/","url":"https:\/\/abicann.org\/en\/press\/","name":"Press | Associa\u00e7\u00e3o Brasileira das Ind\u00fastrias de Cannabis | ABICANN","isPartOf":{"@id":"https:\/\/abicann.org\/#website"},"datePublished":"2021-09-14T19:07:39+00:00","dateModified":"2025-04-08T02:07:50+00:00","breadcrumb":{"@id":"https:\/\/abicann.org\/en\/press\/#breadcrumb"},"inLanguage":"en-US","potentialAction":[{"@type":"ReadAction","target":["https:\/\/abicann.org\/en\/press\/"]}]},{"@type":"BreadcrumbList","@id":"https:\/\/abicann.org\/en\/press\/#breadcrumb","itemListElement":[{"@type":"ListItem","position":1,"name":"In\u00edcio","item":"https:\/\/abicann.org\/en\/"},{"@type":"ListItem","position":2,"name":"Press"}]},{"@type":"WebSite","@id":"https:\/\/abicann.org\/#website","url":"https:\/\/abicann.org\/","name":"Associa\u00e7\u00e3o Brasileira das Ind\u00fastrias de Cannabis | ABICANN","description":"Associa\u00e7\u00e3o empresarial de defesa da Cannabis no Brasil","potentialAction":[{"@type":"SearchAction","target":{"@type":"EntryPoint","urlTemplate":"https:\/\/abicann.org\/?s={search_term_string}"},"query-input":"required name=search_term_string"}],"inLanguage":"en-US"}]}},"_links":{"self":[{"href":"https:\/\/abicann.org\/en\/wp-json\/wp\/v2\/pages\/3482"}],"collection":[{"href":"https:\/\/abicann.org\/en\/wp-json\/wp\/v2\/pages"}],"about":[{"href":"https:\/\/abicann.org\/en\/wp-json\/wp\/v2\/types\/page"}],"author":[{"embeddable":true,"href":"https:\/\/abicann.org\/en\/wp-json\/wp\/v2\/users\/3"}],"replies":[{"embeddable":true,"href":"https:\/\/abicann.org\/en\/wp-json\/wp\/v2\/comments?post=3482"}],"version-history":[{"count":4,"href":"https:\/\/abicann.org\/en\/wp-json\/wp\/v2\/pages\/3482\/revisions"}],"predecessor-version":[{"id":6585,"href":"https:\/\/abicann.org\/en\/wp-json\/wp\/v2\/pages\/3482\/revisions\/6585"}],"wp:attachment":[{"href":"https:\/\/abicann.org\/en\/wp-json\/wp\/v2\/media?parent=3482"}],"curies":[{"name":"wp","href":"https:\/\/api.w.org\/{rel}","templated":true}]}}