{"id":3491,"date":"2021-09-14T16:10:18","date_gmt":"2021-09-14T19:10:18","guid":{"rendered":"https:\/\/abicann.org\/join-us\/"},"modified":"2022-04-10T15:07:03","modified_gmt":"2022-04-10T18:07:03","slug":"join-us","status":"publish","type":"page","link":"https:\/\/abicann.org\/en\/join-us\/","title":{"rendered":"Join Us"},"content":{"rendered":"<div class=\"fusion-fullwidth fullwidth-box fusion-builder-row-1 fusion-flex-container nonhundred-percent-fullwidth non-hundred-percent-height-scrolling\" style=\"--awb-border-radius-top-left:0px;--awb-border-radius-top-right:0px;--awb-border-radius-bottom-right:0px;--awb-border-radius-bottom-left:0px;\" ><div class=\"fusion-builder-row fusion-row fusion-flex-align-items-flex-start\" style=\"max-width:1331.2px;margin-left: calc(-4% \/ 2 );margin-right: calc(-4% \/ 2 );\"><div class=\"fusion-layout-column fusion_builder_column fusion-builder-column-0 fusion_builder_column_1_6 1_6 fusion-flex-column fusion-no-small-visibility\" style=\"--awb-bg-size:cover;--awb-width-large:16.666666666667%;--awb-margin-top-large:10px;--awb-spacing-right-large:11.52%;--awb-margin-bottom-large:10px;--awb-spacing-left-large:11.52%;--awb-width-medium:100%;--awb-order-medium:0;--awb-spacing-right-medium:1.92%;--awb-spacing-left-medium:1.92%;--awb-width-small:100%;--awb-order-small:0;--awb-spacing-right-small:1.92%;--awb-spacing-left-small:1.92%;\"><div class=\"fusion-column-wrapper fusion-column-has-shadow fusion-flex-justify-content-flex-start fusion-content-layout-column\"><\/div><\/div><div class=\"fusion-layout-column fusion_builder_column fusion-builder-column-1 fusion_builder_column_1_5 1_5 fusion-flex-column\" style=\"--awb-bg-size:cover;--awb-width-large:20%;--awb-margin-top-large:10px;--awb-spacing-right-large:9.6%;--awb-margin-bottom-large:10px;--awb-spacing-left-large:9.6%;--awb-width-medium:100%;--awb-order-medium:0;--awb-spacing-right-medium:1.92%;--awb-spacing-left-medium:1.92%;--awb-width-small:100%;--awb-order-small:0;--awb-spacing-right-small:1.92%;--awb-spacing-left-small:1.92%;\"><div class=\"fusion-column-wrapper fusion-column-has-shadow fusion-flex-justify-content-flex-start fusion-content-layout-column\"><div class=\"fusion-text fusion-text-1\"><p><span style=\"font-weight: 400;\">ABICANN associates unite in public defense for the industrial and business development of the professional markets of Cannabis Medicinal and Brazilian Industrial Hemp. Be part of this story and join now:<\/span><\/p>\n<\/div><div class=\"fusion-separator fusion-full-width-sep\" style=\"align-self: center;margin-left: auto;margin-right: auto;margin-top:35px;width:100%;\"><\/div><\/div><\/div><div class=\"fusion-layout-column fusion_builder_column fusion-builder-column-2 fusion_builder_column_2_5 2_5 fusion-flex-column\" style=\"--awb-bg-size:cover;--awb-width-large:40%;--awb-margin-top-large:10px;--awb-spacing-right-large:4.8%;--awb-margin-bottom-large:10px;--awb-spacing-left-large:4.8%;--awb-width-medium:100%;--awb-order-medium:0;--awb-spacing-right-medium:1.92%;--awb-spacing-left-medium:1.92%;--awb-width-small:100%;--awb-order-small:0;--awb-spacing-right-small:1.92%;--awb-spacing-left-small:1.92%;\"><div class=\"fusion-column-wrapper fusion-column-has-shadow fusion-flex-justify-content-flex-start fusion-content-layout-column\"><div class=\"fusion-text fusion-text-2\"><div class=\"wpforms-container wpforms-container-full\" id=\"wpforms-4666\"><form id=\"wpforms-form-4666\" class=\"wpforms-validate wpforms-form\" data-formid=\"4666\" method=\"post\" enctype=\"multipart\/form-data\" action=\"\/en\/wp-json\/wp\/v2\/pages\/3491\" data-token=\"ca426c5e89fc366ee27b980de9677a52\"><noscript class=\"wpforms-error-noscript\">Please enable JavaScript in your browser to complete this form.<\/noscript><div class=\"wpforms-field-container\"><div id=\"wpforms-4666-field_25-container\" class=\"wpforms-field wpforms-field-text\" data-field-id=\"25\"><label class=\"wpforms-field-label\" for=\"wpforms-4666-field_25\">Requesting company<\/label><input type=\"text\" id=\"wpforms-4666-field_25\" class=\"wpforms-field-medium\" name=\"wpforms[fields][25]\" ><\/div><div id=\"wpforms-4666-field_1-container\" class=\"wpforms-field wpforms-field-text\" data-field-id=\"1\"><label class=\"wpforms-field-label\" for=\"wpforms-4666-field_1\">Name <span class=\"wpforms-required-label\">*<\/span><\/label><input type=\"text\" id=\"wpforms-4666-field_1\" class=\"wpforms-field-medium wpforms-field-required\" name=\"wpforms[fields][1]\" required><\/div><div id=\"wpforms-4666-field_2-container\" class=\"wpforms-field wpforms-field-text\" data-field-id=\"2\"><label class=\"wpforms-field-label\" for=\"wpforms-4666-field_2\">Surname <span class=\"wpforms-required-label\">*<\/span><\/label><input type=\"text\" id=\"wpforms-4666-field_2\" class=\"wpforms-field-medium wpforms-field-required\" name=\"wpforms[fields][2]\" required><\/div><div id=\"wpforms-4666-field_3-container\" class=\"wpforms-field wpforms-field-text\" data-field-id=\"3\"><label class=\"wpforms-field-label\" for=\"wpforms-4666-field_3\">Your profession <span class=\"wpforms-required-label\">*<\/span><\/label><input type=\"text\" id=\"wpforms-4666-field_3\" class=\"wpforms-field-medium wpforms-field-required\" name=\"wpforms[fields][3]\" required><\/div><div id=\"wpforms-4666-field_4-container\" class=\"wpforms-field wpforms-field-email\" data-field-id=\"4\"><label class=\"wpforms-field-label\" for=\"wpforms-4666-field_4\">E-mail <span class=\"wpforms-required-label\">*<\/span><\/label><input type=\"email\" id=\"wpforms-4666-field_4\" class=\"wpforms-field-medium wpforms-field-required\" name=\"wpforms[fields][4]\" spellcheck=\"false\" required><\/div><div id=\"wpforms-4666-field_5-container\" class=\"wpforms-field wpforms-field-text\" data-field-id=\"5\"><label class=\"wpforms-field-label\" for=\"wpforms-4666-field_5\">Phone Number <span class=\"wpforms-required-label\">*<\/span><\/label><input type=\"text\" id=\"wpforms-4666-field_5\" class=\"wpforms-field-medium wpforms-field-required\" name=\"wpforms[fields][5]\" placeholder=\"Include your area code, please\" required><\/div><div id=\"wpforms-4666-field_6-container\" class=\"wpforms-field wpforms-field-text\" data-field-id=\"6\"><label class=\"wpforms-field-label\" for=\"wpforms-4666-field_6\">Your LinkedIn <span class=\"wpforms-required-label\">*<\/span><\/label><input type=\"text\" id=\"wpforms-4666-field_6\" class=\"wpforms-field-medium wpforms-field-required\" name=\"wpforms[fields][6]\" placeholder=\"https:\/\/\" required><\/div><div id=\"wpforms-4666-field_8-container\" class=\"wpforms-field wpforms-field-select wpforms-field-select-style-classic\" data-field-id=\"8\"><label class=\"wpforms-field-label\" for=\"wpforms-4666-field_8\">Are you member of any industrial, business or entrepreneurial organization? <span class=\"wpforms-required-label\">*<\/span><\/label><select id=\"wpforms-4666-field_8\" class=\"wpforms-field-medium wpforms-field-required\" name=\"wpforms[fields][8]\" required=\"required\"><option value=\"---\" >---<\/option><option value=\"No\" >No<\/option><option value=\"Yes\" >Yes<\/option><\/select><\/div><div id=\"wpforms-4666-field_9-container\" class=\"wpforms-field wpforms-field-text\" data-field-id=\"9\"><label class=\"wpforms-field-label\" for=\"wpforms-4666-field_9\">Which organizations (industrial, business or entrepreneur) are you associated with?<\/label><input type=\"text\" id=\"wpforms-4666-field_9\" class=\"wpforms-field-medium\" name=\"wpforms[fields][9]\" ><\/div><div id=\"wpforms-4666-field_10-container\" class=\"wpforms-field wpforms-field-select wpforms-field-select-style-classic\" data-field-id=\"10\"><label class=\"wpforms-field-label\" for=\"wpforms-4666-field_10\">Are you a representative of any national or international organization? <span class=\"wpforms-required-label\">*<\/span><\/label><select id=\"wpforms-4666-field_10\" class=\"wpforms-field-medium wpforms-field-required\" name=\"wpforms[fields][10]\" required=\"required\"><option value=\"---\" >---<\/option><option value=\"Yes\" >Yes<\/option><option value=\"No\" >No<\/option><\/select><\/div><div id=\"wpforms-4666-field_11-container\" class=\"wpforms-field wpforms-field-select wpforms-field-select-style-classic\" data-field-id=\"11\"><label class=\"wpforms-field-label\" for=\"wpforms-4666-field_11\">In which sector do you work? <span class=\"wpforms-required-label\">*<\/span><\/label><select id=\"wpforms-4666-field_11\" class=\"wpforms-field-medium wpforms-field-required\" name=\"wpforms[fields][11]\" required=\"required\"><option value=\"---\" >---<\/option><option value=\"Industry\" >Industry<\/option><option value=\"Trade\" >Trade<\/option><option value=\"Services\" >Services<\/option><\/select><\/div><div id=\"wpforms-4666-field_12-container\" class=\"wpforms-field wpforms-field-text\" data-field-id=\"12\"><label class=\"wpforms-field-label\" for=\"wpforms-4666-field_12\">What company\/organization do you work for? <span class=\"wpforms-required-label\">*<\/span><\/label><input type=\"text\" id=\"wpforms-4666-field_12\" class=\"wpforms-field-medium wpforms-field-required\" name=\"wpforms[fields][12]\" required><\/div><div id=\"wpforms-4666-field_13-container\" class=\"wpforms-field wpforms-field-select wpforms-field-select-style-classic\" data-field-id=\"13\"><label class=\"wpforms-field-label\" for=\"wpforms-4666-field_13\">How did you get to know ABICANN? <span class=\"wpforms-required-label\">*<\/span><\/label><select id=\"wpforms-4666-field_13\" class=\"wpforms-field-medium wpforms-field-required\" name=\"wpforms[fields][13]\" required=\"required\"><option value=\"---\" >---<\/option><option value=\"Green Science Times website\" >Green Science Times website<\/option><option value=\"WhatsApp Group\" >WhatsApp Group<\/option><option value=\"I received from a contact\" >I received from a contact<\/option><option value=\"Cultura empreendedora Ecosystem\" >Cultura empreendedora Ecosystem<\/option><option value=\"Cannabusiness Business Club Newsletter\" >Cannabusiness Business Club Newsletter<\/option><option value=\"Comunicar Bem Newsletter\" >Comunicar Bem Newsletter<\/option><option value=\"Via Google\" >Via Google<\/option><option value=\"Another way not listed\" >Another way not listed<\/option><\/select><\/div><div id=\"wpforms-4666-field_14-container\" class=\"wpforms-field wpforms-field-select wpforms-field-select-style-classic\" data-field-id=\"14\"><label class=\"wpforms-field-label\" for=\"wpforms-4666-field_14\">ABICANN will be a meeting point for Cannabis businesses. You intend to: <span class=\"wpforms-required-label\">*<\/span><\/label><select id=\"wpforms-4666-field_14\" class=\"wpforms-field-medium wpforms-field-required\" name=\"wpforms[fields][14]\" required=\"required\"><option value=\"---\" >---<\/option><option value=\"Make financial investments in companies in the sector\" >Make financial investments in companies in the sector<\/option><option value=\"Undertake and develop a company\/startup in the sector\" >Undertake and develop a company\/startup in the sector<\/option><option value=\"Work, seeking opportunities in companies in the sector\" >Work, seeking opportunities in companies in the sector<\/option><option value=\"Others\" >Others<\/option><\/select><\/div><div id=\"wpforms-4666-field_15-container\" class=\"wpforms-field wpforms-field-select wpforms-field-select-style-classic\" data-field-id=\"15\"><label class=\"wpforms-field-label\" for=\"wpforms-4666-field_15\">Do you have any personal projects in the cannabis sector? <span class=\"wpforms-required-label\">*<\/span><\/label><select id=\"wpforms-4666-field_15\" class=\"wpforms-field-medium wpforms-field-required\" name=\"wpforms[fields][15]\" required=\"required\"><option value=\"---\" >---<\/option><option value=\"Yes, I have everything planned operating, looking for partnerships\" >Yes, I have everything planned operating, looking for partnerships<\/option><option value=\"No, but I want to create a project soon\" >No, but I want to create a project soon<\/option><option value=\"More or less... I have many ideas and doubts to start a business plan\" >More or less... I have many ideas and doubts to start a business plan<\/option><\/select><\/div><div id=\"wpforms-4666-field_16-container\" class=\"wpforms-field wpforms-field-checkbox\" data-field-id=\"16\"><label class=\"wpforms-field-label\" for=\"wpforms-4666-field_16\">Do you intend to invest in which\/which segments of Medicinal Cannabis and Industrial Hemp? <span class=\"wpforms-required-label\">*<\/span><\/label><ul id=\"wpforms-4666-field_16\" class=\"wpforms-field-required\"><li class=\"choice-0 depth-1\"><input type=\"checkbox\" id=\"wpforms-4666-field_16_0\" name=\"wpforms[fields][16][]\" value=\"Agribusiness\" required ><label class=\"wpforms-field-label-inline\" for=\"wpforms-4666-field_16_0\">Agribusiness<\/label><\/li><li class=\"choice-1 depth-1\"><input type=\"checkbox\" id=\"wpforms-4666-field_16_1\" name=\"wpforms[fields][16][]\" value=\"Agro industry \" required ><label class=\"wpforms-field-label-inline\" for=\"wpforms-4666-field_16_1\">Agro industry<\/label><\/li><li class=\"choice-2 depth-1\"><input type=\"checkbox\" id=\"wpforms-4666-field_16_2\" name=\"wpforms[fields][16][]\" value=\"Media Development\" required ><label class=\"wpforms-field-label-inline\" for=\"wpforms-4666-field_16_2\">Media Development<\/label><\/li><li class=\"choice-3 depth-1\"><input type=\"checkbox\" id=\"wpforms-4666-field_16_3\" name=\"wpforms[fields][16][]\" value=\"Technology Development\" required ><label class=\"wpforms-field-label-inline\" for=\"wpforms-4666-field_16_3\">Technology Development<\/label><\/li><li class=\"choice-4 depth-1\"><input type=\"checkbox\" id=\"wpforms-4666-field_16_4\" name=\"wpforms[fields][16][]\" value=\"Engineering and Infrastructure\" required ><label class=\"wpforms-field-label-inline\" for=\"wpforms-4666-field_16_4\">Engineering and Infrastructure<\/label><\/li><li class=\"choice-5 depth-1\"><input type=\"checkbox\" id=\"wpforms-4666-field_16_5\" name=\"wpforms[fields][16][]\" value=\"Events and Tourism\" required ><label class=\"wpforms-field-label-inline\" for=\"wpforms-4666-field_16_5\">Events and Tourism<\/label><\/li><li class=\"choice-6 depth-1\"><input type=\"checkbox\" id=\"wpforms-4666-field_16_6\" name=\"wpforms[fields][16][]\" value=\"Training and Qualification\" required ><label class=\"wpforms-field-label-inline\" for=\"wpforms-4666-field_16_6\">Training and Qualification<\/label><\/li><li class=\"choice-7 depth-1\"><input type=\"checkbox\" id=\"wpforms-4666-field_16_7\" name=\"wpforms[fields][16][]\" value=\"Textile industry\" required ><label class=\"wpforms-field-label-inline\" for=\"wpforms-4666-field_16_7\">Textile industry<\/label><\/li><li class=\"choice-8 depth-1\"><input type=\"checkbox\" id=\"wpforms-4666-field_16_8\" name=\"wpforms[fields][16][]\" value=\"Food industry\" required ><label class=\"wpforms-field-label-inline\" for=\"wpforms-4666-field_16_8\">Food industry<\/label><\/li><li class=\"choice-9 depth-1\"><input type=\"checkbox\" id=\"wpforms-4666-field_16_9\" name=\"wpforms[fields][16][]\" value=\"Licensing and Certifications\" required ><label class=\"wpforms-field-label-inline\" for=\"wpforms-4666-field_16_9\">Licensing and Certifications<\/label><\/li><li class=\"choice-10 depth-1\"><input type=\"checkbox\" id=\"wpforms-4666-field_16_10\" name=\"wpforms[fields][16][]\" value=\"International Business\" required ><label class=\"wpforms-field-label-inline\" for=\"wpforms-4666-field_16_10\">International Business<\/label><\/li><li class=\"choice-11 depth-1\"><input type=\"checkbox\" id=\"wpforms-4666-field_16_11\" name=\"wpforms[fields][16][]\" value=\"Research, Development &amp; Innovation\" required ><label class=\"wpforms-field-label-inline\" for=\"wpforms-4666-field_16_11\">Research, Development &amp; Innovation<\/label><\/li><li class=\"choice-12 depth-1\"><input type=\"checkbox\" id=\"wpforms-4666-field_16_12\" name=\"wpforms[fields][16][]\" value=\"Cosmetic Production\" required ><label class=\"wpforms-field-label-inline\" for=\"wpforms-4666-field_16_12\">Cosmetic Production<\/label><\/li><li class=\"choice-13 depth-1\"><input type=\"checkbox\" id=\"wpforms-4666-field_16_13\" name=\"wpforms[fields][16][]\" value=\"Production of energy\" required ><label class=\"wpforms-field-label-inline\" for=\"wpforms-4666-field_16_13\">Production of energy<\/label><\/li><li class=\"choice-14 depth-1\"><input type=\"checkbox\" id=\"wpforms-4666-field_16_14\" name=\"wpforms[fields][16][]\" value=\"Health services\" required ><label class=\"wpforms-field-label-inline\" for=\"wpforms-4666-field_16_14\">Health services<\/label><\/li><li class=\"choice-15 depth-1\"><input type=\"checkbox\" id=\"wpforms-4666-field_16_15\" name=\"wpforms[fields][16][]\" value=\"Sales in Commerce\" required ><label class=\"wpforms-field-label-inline\" for=\"wpforms-4666-field_16_15\">Sales in Commerce<\/label><\/li><li class=\"choice-16 depth-1\"><input type=\"checkbox\" id=\"wpforms-4666-field_16_16\" name=\"wpforms[fields][16][]\" value=\"Others\" required ><label class=\"wpforms-field-label-inline\" for=\"wpforms-4666-field_16_16\">Others<\/label><\/li><\/ul><\/div><div id=\"wpforms-4666-field_17-container\" class=\"wpforms-field wpforms-field-select wpforms-field-select-style-classic\" data-field-id=\"17\"><label class=\"wpforms-field-label\" for=\"wpforms-4666-field_17\">Do you have experience in investments outside Brazil? * <span class=\"wpforms-required-label\">*<\/span><\/label><select id=\"wpforms-4666-field_17\" class=\"wpforms-field-medium wpforms-field-required\" name=\"wpforms[fields][17]\" required=\"required\"><option value=\"---\" >---<\/option><option value=\"Yes, I already work in the international market\" >Yes, I already work in the international market<\/option><option value=\"No, I want to learn more about investing\" >No, I want to learn more about investing<\/option><\/select><\/div><div id=\"wpforms-4666-field_18-container\" class=\"wpforms-field wpforms-field-text\" data-field-id=\"18\"><label class=\"wpforms-field-label\" for=\"wpforms-4666-field_18\">In which countries do you safely INVEST in Medicinal Cannabis and\/or Industrial Hemp? <span class=\"wpforms-required-label\">*<\/span><\/label><input type=\"text\" id=\"wpforms-4666-field_18\" class=\"wpforms-field-medium wpforms-field-required\" name=\"wpforms[fields][18]\" required><\/div><div id=\"wpforms-4666-field_19-container\" class=\"wpforms-field wpforms-field-text\" data-field-id=\"19\"><label class=\"wpforms-field-label\" for=\"wpforms-4666-field_19\">In which countries would you safely INVEST in Medicinal Cannabis and\/or Industrial Hemp?<\/label><input type=\"text\" id=\"wpforms-4666-field_19\" class=\"wpforms-field-medium\" name=\"wpforms[fields][19]\" ><\/div><div id=\"wpforms-4666-field_20-container\" class=\"wpforms-field wpforms-field-textarea\" data-field-id=\"20\"><label class=\"wpforms-field-label\" for=\"wpforms-4666-field_20\">What are your expectations of knowing and\/or participating in ABICANN&#039;s committees and Working Groups?<\/label><textarea id=\"wpforms-4666-field_20\" class=\"wpforms-field-medium\" name=\"wpforms[fields][20]\" ><\/textarea><\/div><div id=\"wpforms-4666-field_21-container\" class=\"wpforms-field wpforms-field-textarea\" data-field-id=\"21\"><label class=\"wpforms-field-label\" for=\"wpforms-4666-field_21\">Additional comments:<\/label><textarea id=\"wpforms-4666-field_21\" class=\"wpforms-field-medium\" name=\"wpforms[fields][21]\" ><\/textarea><\/div><div id=\"wpforms-4666-field_24-container\" class=\"wpforms-field wpforms-field-checkbox\" data-field-id=\"24\"><label class=\"wpforms-field-label\" for=\"wpforms-4666-field_24\">Mandatory: <span class=\"wpforms-required-label\">*<\/span><\/label><ul id=\"wpforms-4666-field_24\" class=\"wpforms-field-required\"><li class=\"choice-1 depth-1 wpforms-selected\"><input type=\"checkbox\" id=\"wpforms-4666-field_24_1\" name=\"wpforms[fields][24][]\" value=\"I want to subscribe to the ABICANN newsletter\" required  checked='checked'><label class=\"wpforms-field-label-inline\" for=\"wpforms-4666-field_24_1\">I want to subscribe to the ABICANN newsletter<\/label><\/li><li class=\"choice-2 depth-1 wpforms-selected\"><input type=\"checkbox\" id=\"wpforms-4666-field_24_2\" name=\"wpforms[fields][24][]\" value=\"I authorize you to chat with me via WhatsApp\" required  checked='checked'><label class=\"wpforms-field-label-inline\" for=\"wpforms-4666-field_24_2\">I authorize you to chat with me via WhatsApp<\/label><\/li><\/ul><\/div><\/div><!-- .wpforms-field-container --><div class=\"wpforms-recaptcha-container wpforms-is-recaptcha wpforms-is-recaptcha-type-v2\" ><div class=\"g-recaptcha\" data-sitekey=\"6Lf3X9IZAAAAAIAvKlg8e-uqG45rxnHMmjPqB6qc\"><\/div><input type=\"text\" name=\"g-recaptcha-hidden\" class=\"wpforms-recaptcha-hidden\" style=\"position:absolute!important;clip:rect(0,0,0,0)!important;height:1px!important;width:1px!important;border:0!important;overflow:hidden!important;padding:0!important;margin:0!important;\" data-rule-recaptcha=\"1\"><\/div><div class=\"wpforms-submit-container\" ><input type=\"hidden\" name=\"wpforms[id]\" value=\"4666\"><input type=\"hidden\" name=\"wpforms[author]\" value=\"3\"><button type=\"submit\" name=\"wpforms[submit]\" id=\"wpforms-submit-4666\" class=\"wpforms-submit\" data-alt-text=\"Applying...\" data-submit-text=\"Apply for\" aria-live=\"assertive\" value=\"wpforms-submit\">Apply for<\/button><\/div><\/form><\/div>  <!-- .wpforms-container -->\n<\/div><\/div><\/div><div class=\"fusion-layout-column fusion_builder_column fusion-builder-column-3 fusion_builder_column_1_5 1_5 fusion-flex-column fusion-no-small-visibility\" style=\"--awb-bg-size:cover;--awb-width-large:20%;--awb-margin-top-large:10px;--awb-spacing-right-large:9.6%;--awb-margin-bottom-large:10px;--awb-spacing-left-large:9.6%;--awb-width-medium:100%;--awb-order-medium:0;--awb-spacing-right-medium:1.92%;--awb-spacing-left-medium:1.92%;--awb-width-small:100%;--awb-order-small:0;--awb-spacing-right-small:1.92%;--awb-spacing-left-small:1.92%;\"><div class=\"fusion-column-wrapper fusion-column-has-shadow fusion-flex-justify-content-flex-start fusion-content-layout-column\"><\/div><\/div><\/div><\/div>\n","protected":false},"excerpt":{"rendered":"","protected":false},"author":3,"featured_media":0,"parent":0,"menu_order":0,"comment_status":"closed","ping_status":"closed","template":"100-width.php","meta":{"footnotes":""},"yoast_head":"<!-- This site is optimized with the Yoast SEO plugin v22.1 - https:\/\/yoast.com\/wordpress\/plugins\/seo\/ -->\n<title>Join Us | Associa\u00e7\u00e3o Brasileira das Ind\u00fastrias de Cannabis | ABICANN<\/title>\n<meta name=\"robots\" content=\"index, follow, max-snippet:-1, max-image-preview:large, max-video-preview:-1\" \/>\n<link rel=\"canonical\" href=\"https:\/\/abicann.org\/en\/join-us\/\" \/>\n<meta name=\"twitter:label1\" content=\"Est. reading time\" \/>\n\t<meta name=\"twitter:data1\" content=\"7 minutes\" \/>\n<script type=\"application\/ld+json\" class=\"yoast-schema-graph\">{\"@context\":\"https:\/\/schema.org\",\"@graph\":[{\"@type\":\"WebPage\",\"@id\":\"https:\/\/abicann.org\/en\/join-us\/\",\"url\":\"https:\/\/abicann.org\/en\/join-us\/\",\"name\":\"Join Us | Associa\u00e7\u00e3o Brasileira das Ind\u00fastrias de Cannabis | ABICANN\",\"isPartOf\":{\"@id\":\"https:\/\/abicann.org\/#website\"},\"datePublished\":\"2021-09-14T19:10:18+00:00\",\"dateModified\":\"2022-04-10T18:07:03+00:00\",\"breadcrumb\":{\"@id\":\"https:\/\/abicann.org\/en\/join-us\/#breadcrumb\"},\"inLanguage\":\"en-US\",\"potentialAction\":[{\"@type\":\"ReadAction\",\"target\":[\"https:\/\/abicann.org\/en\/join-us\/\"]}]},{\"@type\":\"BreadcrumbList\",\"@id\":\"https:\/\/abicann.org\/en\/join-us\/#breadcrumb\",\"itemListElement\":[{\"@type\":\"ListItem\",\"position\":1,\"name\":\"In\u00edcio\",\"item\":\"https:\/\/abicann.org\/en\/\"},{\"@type\":\"ListItem\",\"position\":2,\"name\":\"Join Us\"}]},{\"@type\":\"WebSite\",\"@id\":\"https:\/\/abicann.org\/#website\",\"url\":\"https:\/\/abicann.org\/\",\"name\":\"Associa\u00e7\u00e3o Brasileira das Ind\u00fastrias de Cannabis | ABICANN\",\"description\":\"Associa\u00e7\u00e3o empresarial de defesa da Cannabis no Brasil\",\"potentialAction\":[{\"@type\":\"SearchAction\",\"target\":{\"@type\":\"EntryPoint\",\"urlTemplate\":\"https:\/\/abicann.org\/?s={search_term_string}\"},\"query-input\":\"required name=search_term_string\"}],\"inLanguage\":\"en-US\"}]}<\/script>\n<!-- \/ Yoast SEO plugin. -->","yoast_head_json":{"title":"Join Us | Associa\u00e7\u00e3o Brasileira das Ind\u00fastrias de Cannabis | ABICANN","robots":{"index":"index","follow":"follow","max-snippet":"max-snippet:-1","max-image-preview":"max-image-preview:large","max-video-preview":"max-video-preview:-1"},"canonical":"https:\/\/abicann.org\/en\/join-us\/","twitter_misc":{"Est. reading time":"7 minutes"},"schema":{"@context":"https:\/\/schema.org","@graph":[{"@type":"WebPage","@id":"https:\/\/abicann.org\/en\/join-us\/","url":"https:\/\/abicann.org\/en\/join-us\/","name":"Join Us | Associa\u00e7\u00e3o Brasileira das Ind\u00fastrias de Cannabis | ABICANN","isPartOf":{"@id":"https:\/\/abicann.org\/#website"},"datePublished":"2021-09-14T19:10:18+00:00","dateModified":"2022-04-10T18:07:03+00:00","breadcrumb":{"@id":"https:\/\/abicann.org\/en\/join-us\/#breadcrumb"},"inLanguage":"en-US","potentialAction":[{"@type":"ReadAction","target":["https:\/\/abicann.org\/en\/join-us\/"]}]},{"@type":"BreadcrumbList","@id":"https:\/\/abicann.org\/en\/join-us\/#breadcrumb","itemListElement":[{"@type":"ListItem","position":1,"name":"In\u00edcio","item":"https:\/\/abicann.org\/en\/"},{"@type":"ListItem","position":2,"name":"Join Us"}]},{"@type":"WebSite","@id":"https:\/\/abicann.org\/#website","url":"https:\/\/abicann.org\/","name":"Associa\u00e7\u00e3o Brasileira das Ind\u00fastrias de Cannabis | ABICANN","description":"Associa\u00e7\u00e3o empresarial de defesa da Cannabis no Brasil","potentialAction":[{"@type":"SearchAction","target":{"@type":"EntryPoint","urlTemplate":"https:\/\/abicann.org\/?s={search_term_string}"},"query-input":"required name=search_term_string"}],"inLanguage":"en-US"}]}},"_links":{"self":[{"href":"https:\/\/abicann.org\/en\/wp-json\/wp\/v2\/pages\/3491"}],"collection":[{"href":"https:\/\/abicann.org\/en\/wp-json\/wp\/v2\/pages"}],"about":[{"href":"https:\/\/abicann.org\/en\/wp-json\/wp\/v2\/types\/page"}],"author":[{"embeddable":true,"href":"https:\/\/abicann.org\/en\/wp-json\/wp\/v2\/users\/3"}],"replies":[{"embeddable":true,"href":"https:\/\/abicann.org\/en\/wp-json\/wp\/v2\/comments?post=3491"}],"version-history":[{"count":8,"href":"https:\/\/abicann.org\/en\/wp-json\/wp\/v2\/pages\/3491\/revisions"}],"predecessor-version":[{"id":4675,"href":"https:\/\/abicann.org\/en\/wp-json\/wp\/v2\/pages\/3491\/revisions\/4675"}],"wp:attachment":[{"href":"https:\/\/abicann.org\/en\/wp-json\/wp\/v2\/media?parent=3491"}],"curies":[{"name":"wp","href":"https:\/\/api.w.org\/{rel}","templated":true}]}}