{"id":3939,"date":"2021-09-27T14:13:53","date_gmt":"2021-09-27T17:13:53","guid":{"rendered":"https:\/\/abicann.org\/newsletter-subscription-confirmed\/"},"modified":"2021-09-27T14:13:53","modified_gmt":"2021-09-27T17:13:53","slug":"newsletter-subscription-confirmed","status":"publish","type":"page","link":"https:\/\/abicann.org\/en\/newsletter-subscription-confirmed\/","title":{"rendered":"Newsletter, subscription confirmed!"},"content":{"rendered":"","protected":false},"excerpt":{"rendered":"","protected":false},"author":3,"featured_media":0,"parent":0,"menu_order":0,"comment_status":"closed","ping_status":"closed","template":"100-width.php","meta":{"footnotes":""},"yoast_head":"<!-- This site is optimized with the Yoast SEO plugin v22.1 - https:\/\/yoast.com\/wordpress\/plugins\/seo\/ -->\n<title>Newsletter, subscription confirmed! | Associa\u00e7\u00e3o Brasileira das Ind\u00fastrias de Cannabis | ABICANN<\/title>\n<meta name=\"robots\" content=\"index, follow, max-snippet:-1, max-image-preview:large, max-video-preview:-1\" \/>\n<link rel=\"canonical\" href=\"https:\/\/abicann.org\/en\/newsletter-subscription-confirmed\/\" \/>\n<script type=\"application\/ld+json\" class=\"yoast-schema-graph\">{\"@context\":\"https:\/\/schema.org\",\"@graph\":[{\"@type\":\"WebPage\",\"@id\":\"https:\/\/abicann.org\/en\/newsletter-subscription-confirmed\/\",\"url\":\"https:\/\/abicann.org\/en\/newsletter-subscription-confirmed\/\",\"name\":\"Newsletter, subscription confirmed! | Associa\u00e7\u00e3o Brasileira das Ind\u00fastrias de Cannabis | ABICANN\",\"isPartOf\":{\"@id\":\"https:\/\/abicann.org\/#website\"},\"datePublished\":\"2021-09-27T17:13:53+00:00\",\"dateModified\":\"2021-09-27T17:13:53+00:00\",\"breadcrumb\":{\"@id\":\"https:\/\/abicann.org\/en\/newsletter-subscription-confirmed\/#breadcrumb\"},\"inLanguage\":\"en-US\",\"potentialAction\":[{\"@type\":\"ReadAction\",\"target\":[\"https:\/\/abicann.org\/en\/newsletter-subscription-confirmed\/\"]}]},{\"@type\":\"BreadcrumbList\",\"@id\":\"https:\/\/abicann.org\/en\/newsletter-subscription-confirmed\/#breadcrumb\",\"itemListElement\":[{\"@type\":\"ListItem\",\"position\":1,\"name\":\"In\u00edcio\",\"item\":\"https:\/\/abicann.org\/en\/\"},{\"@type\":\"ListItem\",\"position\":2,\"name\":\"Newsletter, subscription confirmed!\"}]},{\"@type\":\"WebSite\",\"@id\":\"https:\/\/abicann.org\/#website\",\"url\":\"https:\/\/abicann.org\/\",\"name\":\"Associa\u00e7\u00e3o Brasileira das Ind\u00fastrias de Cannabis | ABICANN\",\"description\":\"Associa\u00e7\u00e3o empresarial de defesa da Cannabis no Brasil\",\"potentialAction\":[{\"@type\":\"SearchAction\",\"target\":{\"@type\":\"EntryPoint\",\"urlTemplate\":\"https:\/\/abicann.org\/?s={search_term_string}\"},\"query-input\":\"required name=search_term_string\"}],\"inLanguage\":\"en-US\"}]}<\/script>\n<!-- \/ Yoast SEO plugin. -->","yoast_head_json":{"title":"Newsletter, subscription confirmed! | Associa\u00e7\u00e3o Brasileira das Ind\u00fastrias de Cannabis | ABICANN","robots":{"index":"index","follow":"follow","max-snippet":"max-snippet:-1","max-image-preview":"max-image-preview:large","max-video-preview":"max-video-preview:-1"},"canonical":"https:\/\/abicann.org\/en\/newsletter-subscription-confirmed\/","schema":{"@context":"https:\/\/schema.org","@graph":[{"@type":"WebPage","@id":"https:\/\/abicann.org\/en\/newsletter-subscription-confirmed\/","url":"https:\/\/abicann.org\/en\/newsletter-subscription-confirmed\/","name":"Newsletter, subscription confirmed! | Associa\u00e7\u00e3o Brasileira das Ind\u00fastrias de Cannabis | ABICANN","isPartOf":{"@id":"https:\/\/abicann.org\/#website"},"datePublished":"2021-09-27T17:13:53+00:00","dateModified":"2021-09-27T17:13:53+00:00","breadcrumb":{"@id":"https:\/\/abicann.org\/en\/newsletter-subscription-confirmed\/#breadcrumb"},"inLanguage":"en-US","potentialAction":[{"@type":"ReadAction","target":["https:\/\/abicann.org\/en\/newsletter-subscription-confirmed\/"]}]},{"@type":"BreadcrumbList","@id":"https:\/\/abicann.org\/en\/newsletter-subscription-confirmed\/#breadcrumb","itemListElement":[{"@type":"ListItem","position":1,"name":"In\u00edcio","item":"https:\/\/abicann.org\/en\/"},{"@type":"ListItem","position":2,"name":"Newsletter, subscription confirmed!"}]},{"@type":"WebSite","@id":"https:\/\/abicann.org\/#website","url":"https:\/\/abicann.org\/","name":"Associa\u00e7\u00e3o Brasileira das Ind\u00fastrias de Cannabis | ABICANN","description":"Associa\u00e7\u00e3o empresarial de defesa da Cannabis no Brasil","potentialAction":[{"@type":"SearchAction","target":{"@type":"EntryPoint","urlTemplate":"https:\/\/abicann.org\/?s={search_term_string}"},"query-input":"required name=search_term_string"}],"inLanguage":"en-US"}]}},"_links":{"self":[{"href":"https:\/\/abicann.org\/en\/wp-json\/wp\/v2\/pages\/3939"}],"collection":[{"href":"https:\/\/abicann.org\/en\/wp-json\/wp\/v2\/pages"}],"about":[{"href":"https:\/\/abicann.org\/en\/wp-json\/wp\/v2\/types\/page"}],"author":[{"embeddable":true,"href":"https:\/\/abicann.org\/en\/wp-json\/wp\/v2\/users\/3"}],"replies":[{"embeddable":true,"href":"https:\/\/abicann.org\/en\/wp-json\/wp\/v2\/comments?post=3939"}],"version-history":[{"count":0,"href":"https:\/\/abicann.org\/en\/wp-json\/wp\/v2\/pages\/3939\/revisions"}],"wp:attachment":[{"href":"https:\/\/abicann.org\/en\/wp-json\/wp\/v2\/media?parent=3939"}],"curies":[{"name":"wp","href":"https:\/\/api.w.org\/{rel}","templated":true}]}}