{"id":3926,"date":"2021-09-27T14:09:25","date_gmt":"2021-09-27T17:09:25","guid":{"rendered":"https:\/\/abicann.org\/asociese\/"},"modified":"2022-04-10T15:07:36","modified_gmt":"2022-04-10T18:07:36","slug":"asociese","status":"publish","type":"page","link":"https:\/\/abicann.org\/es\/asociese\/","title":{"rendered":"Asoci\u00e9se"},"content":{"rendered":"<div class=\"fusion-fullwidth fullwidth-box fusion-builder-row-1 fusion-flex-container nonhundred-percent-fullwidth non-hundred-percent-height-scrolling\" style=\"--awb-border-radius-top-left:0px;--awb-border-radius-top-right:0px;--awb-border-radius-bottom-right:0px;--awb-border-radius-bottom-left:0px;\" ><div class=\"fusion-builder-row fusion-row fusion-flex-align-items-flex-start\" style=\"max-width:1331.2px;margin-left: calc(-4% \/ 2 );margin-right: calc(-4% \/ 2 );\"><div class=\"fusion-layout-column fusion_builder_column fusion-builder-column-0 fusion_builder_column_1_6 1_6 fusion-flex-column fusion-no-small-visibility\" style=\"--awb-bg-size:cover;--awb-width-large:16.666666666667%;--awb-margin-top-large:10px;--awb-spacing-right-large:11.52%;--awb-margin-bottom-large:10px;--awb-spacing-left-large:11.52%;--awb-width-medium:100%;--awb-order-medium:0;--awb-spacing-right-medium:1.92%;--awb-spacing-left-medium:1.92%;--awb-width-small:100%;--awb-order-small:0;--awb-spacing-right-small:1.92%;--awb-spacing-left-small:1.92%;\"><div class=\"fusion-column-wrapper fusion-column-has-shadow fusion-flex-justify-content-flex-start fusion-content-layout-column\"><\/div><\/div><div class=\"fusion-layout-column fusion_builder_column fusion-builder-column-1 fusion_builder_column_1_5 1_5 fusion-flex-column\" style=\"--awb-bg-size:cover;--awb-width-large:20%;--awb-margin-top-large:10px;--awb-spacing-right-large:9.6%;--awb-margin-bottom-large:10px;--awb-spacing-left-large:9.6%;--awb-width-medium:100%;--awb-order-medium:0;--awb-spacing-right-medium:1.92%;--awb-spacing-left-medium:1.92%;--awb-width-small:100%;--awb-order-small:0;--awb-spacing-right-small:1.92%;--awb-spacing-left-small:1.92%;\"><div class=\"fusion-column-wrapper fusion-column-has-shadow fusion-flex-justify-content-flex-start fusion-content-layout-column\"><div class=\"fusion-text fusion-text-1\"><p>Los asociados de ABICANN se unen en defensa p\u00fablica para el desarrollo industrial y comercial de los mercados profesionales de Cannabis Medicinal y C\u00e1\u00f1amo Industrial Brasile\u00f1o. S\u00e9 parte de esta historia y \u00fanete ahora:<\/p>\n<\/div><div class=\"fusion-separator fusion-full-width-sep\" style=\"align-self: center;margin-left: auto;margin-right: auto;margin-top:35px;width:100%;\"><\/div><\/div><\/div><div class=\"fusion-layout-column fusion_builder_column fusion-builder-column-2 fusion_builder_column_2_5 2_5 fusion-flex-column\" style=\"--awb-bg-size:cover;--awb-width-large:40%;--awb-margin-top-large:10px;--awb-spacing-right-large:4.8%;--awb-margin-bottom-large:10px;--awb-spacing-left-large:4.8%;--awb-width-medium:100%;--awb-order-medium:0;--awb-spacing-right-medium:1.92%;--awb-spacing-left-medium:1.92%;--awb-width-small:100%;--awb-order-small:0;--awb-spacing-right-small:1.92%;--awb-spacing-left-small:1.92%;\"><div class=\"fusion-column-wrapper fusion-column-has-shadow fusion-flex-justify-content-flex-start fusion-content-layout-column\"><div class=\"fusion-text fusion-text-2\"><div class=\"wpforms-container wpforms-container-full\" id=\"wpforms-4668\"><form id=\"wpforms-form-4668\" class=\"wpforms-validate wpforms-form\" data-formid=\"4668\" method=\"post\" enctype=\"multipart\/form-data\" action=\"\/es\/wp-json\/wp\/v2\/pages\/3926\" data-token=\"9970f1aa565326218277ab8e33c4f1e4\"><noscript class=\"wpforms-error-noscript\">Por favor, activa JavaScript en tu navegador para completar este formulario.<\/noscript><div class=\"wpforms-field-container\"><div id=\"wpforms-4668-field_26-container\" class=\"wpforms-field wpforms-field-text\" data-field-id=\"26\"><label class=\"wpforms-field-label\" for=\"wpforms-4668-field_26\">Empresa solicitante<\/label><input type=\"text\" id=\"wpforms-4668-field_26\" class=\"wpforms-field-medium\" name=\"wpforms[fields][26]\" ><\/div><div id=\"wpforms-4668-field_1-container\" class=\"wpforms-field wpforms-field-text\" data-field-id=\"1\"><label class=\"wpforms-field-label\" for=\"wpforms-4668-field_1\">Nombre <span class=\"wpforms-required-label\">*<\/span><\/label><input type=\"text\" id=\"wpforms-4668-field_1\" class=\"wpforms-field-medium wpforms-field-required\" name=\"wpforms[fields][1]\" required><\/div><div id=\"wpforms-4668-field_2-container\" class=\"wpforms-field wpforms-field-text\" data-field-id=\"2\"><label class=\"wpforms-field-label\" for=\"wpforms-4668-field_2\">Apellido <span class=\"wpforms-required-label\">*<\/span><\/label><input type=\"text\" id=\"wpforms-4668-field_2\" class=\"wpforms-field-medium wpforms-field-required\" name=\"wpforms[fields][2]\" required><\/div><div id=\"wpforms-4668-field_3-container\" class=\"wpforms-field wpforms-field-text\" data-field-id=\"3\"><label class=\"wpforms-field-label\" for=\"wpforms-4668-field_3\">Tu profesion <span class=\"wpforms-required-label\">*<\/span><\/label><input type=\"text\" id=\"wpforms-4668-field_3\" class=\"wpforms-field-medium wpforms-field-required\" name=\"wpforms[fields][3]\" required><\/div><div id=\"wpforms-4668-field_4-container\" class=\"wpforms-field wpforms-field-email\" data-field-id=\"4\"><label class=\"wpforms-field-label\" for=\"wpforms-4668-field_4\">E-mail <span class=\"wpforms-required-label\">*<\/span><\/label><input type=\"email\" id=\"wpforms-4668-field_4\" class=\"wpforms-field-medium wpforms-field-required\" name=\"wpforms[fields][4]\" spellcheck=\"false\" required><\/div><div id=\"wpforms-4668-field_25-container\" class=\"wpforms-field wpforms-field-number\" data-field-id=\"25\"><label class=\"wpforms-field-label\" for=\"wpforms-4668-field_25\">Tel\u00e9fono <span class=\"wpforms-required-label\">*<\/span><\/label><input type=\"number\" pattern=\"\\d*\" id=\"wpforms-4668-field_25\" class=\"wpforms-field-medium wpforms-field-required\" name=\"wpforms[fields][25]\" required><\/div><div id=\"wpforms-4668-field_6-container\" class=\"wpforms-field wpforms-field-text\" data-field-id=\"6\"><label class=\"wpforms-field-label\" for=\"wpforms-4668-field_6\">Tu LinkedIn <span class=\"wpforms-required-label\">*<\/span><\/label><input type=\"text\" id=\"wpforms-4668-field_6\" class=\"wpforms-field-medium wpforms-field-required\" name=\"wpforms[fields][6]\" placeholder=\"https:\/\/\" required><\/div><div id=\"wpforms-4668-field_8-container\" class=\"wpforms-field wpforms-field-select wpforms-field-select-style-classic\" data-field-id=\"8\"><label class=\"wpforms-field-label\" for=\"wpforms-4668-field_8\">\u00bfEst\u00e1 asociado a alguna organizaci\u00f3n industrial, empresarial o empreendedora? <span class=\"wpforms-required-label\">*<\/span><\/label><select id=\"wpforms-4668-field_8\" class=\"wpforms-field-medium wpforms-field-required\" name=\"wpforms[fields][8]\" required=\"required\"><option value=\"---\" >---<\/option><option value=\"No\" >No<\/option><option value=\"Si\" >Si<\/option><\/select><\/div><div id=\"wpforms-4668-field_9-container\" class=\"wpforms-field wpforms-field-text\" data-field-id=\"9\"><label class=\"wpforms-field-label\" for=\"wpforms-4668-field_9\">\u00bfA qual organizaciones (industrial, empresarial o emprendedora) est\u00e1s asociado?<\/label><input type=\"text\" id=\"wpforms-4668-field_9\" class=\"wpforms-field-medium\" name=\"wpforms[fields][9]\" ><\/div><div id=\"wpforms-4668-field_10-container\" class=\"wpforms-field wpforms-field-select wpforms-field-select-style-classic\" data-field-id=\"10\"><label class=\"wpforms-field-label\" for=\"wpforms-4668-field_10\">\u00bfEres representante de alguna organizaci\u00f3n nacional o internacional? <span class=\"wpforms-required-label\">*<\/span><\/label><select id=\"wpforms-4668-field_10\" class=\"wpforms-field-medium wpforms-field-required\" name=\"wpforms[fields][10]\" required=\"required\"><option value=\"---\" >---<\/option><option value=\"Si\" >Si<\/option><option value=\"No\" >No<\/option><\/select><\/div><div id=\"wpforms-4668-field_11-container\" class=\"wpforms-field wpforms-field-select wpforms-field-select-style-classic\" data-field-id=\"11\"><label class=\"wpforms-field-label\" for=\"wpforms-4668-field_11\">En que sector trabaja? <span class=\"wpforms-required-label\">*<\/span><\/label><select id=\"wpforms-4668-field_11\" class=\"wpforms-field-medium wpforms-field-required\" name=\"wpforms[fields][11]\" required=\"required\"><option value=\"---\" >---<\/option><option value=\"Industria\" >Industria<\/option><option value=\"Comercio\" >Comercio<\/option><option value=\"Servicios\" >Servicios<\/option><\/select><\/div><div id=\"wpforms-4668-field_12-container\" class=\"wpforms-field wpforms-field-text\" data-field-id=\"12\"><label class=\"wpforms-field-label\" for=\"wpforms-4668-field_12\">Para que empresa\/organizaci\u00f3n trabaja? <span class=\"wpforms-required-label\">*<\/span><\/label><input type=\"text\" id=\"wpforms-4668-field_12\" class=\"wpforms-field-medium wpforms-field-required\" name=\"wpforms[fields][12]\" required><\/div><div id=\"wpforms-4668-field_13-container\" class=\"wpforms-field wpforms-field-select wpforms-field-select-style-classic\" data-field-id=\"13\"><label class=\"wpforms-field-label\" for=\"wpforms-4668-field_13\">Por que m\u00e9dios conoci\u00f3 a ABICANN? <span class=\"wpforms-required-label\">*<\/span><\/label><select id=\"wpforms-4668-field_13\" class=\"wpforms-field-medium wpforms-field-required\" name=\"wpforms[fields][13]\" required=\"required\"><option value=\"---\" >---<\/option><option value=\"Sitio web de Green Science Times\" >Sitio web de Green Science Times<\/option><option value=\"Grupo de WhatsApp\" >Grupo de WhatsApp<\/option><option value=\"Recib\u00ed\u00ad de un contacto\" >Recib\u00ed\u00ad de un contacto<\/option><option value=\"Ecosistema de cultura empresarial\" >Ecosistema de cultura empresarial<\/option><option value=\"Bolet\u00edn de Cannabusiness Business Club\" >Bolet\u00edn de Cannabusiness Business Club<\/option><option value=\"Bolet\u00edn de Comunicar Bem\" >Bolet\u00edn de Comunicar Bem<\/option><option value=\"A trav\u00e9s de Google\" >A trav\u00e9s de Google<\/option><option value=\"Otro medio no listado\" >Otro medio no listado<\/option><\/select><\/div><div id=\"wpforms-4668-field_14-container\" class=\"wpforms-field wpforms-field-select wpforms-field-select-style-classic\" data-field-id=\"14\"><label class=\"wpforms-field-label\" for=\"wpforms-4668-field_14\">ABICANN ser\u00e1 un punto de encuentro para las empresas cann\u00e1bicas. Usted pretende: <span class=\"wpforms-required-label\">*<\/span><\/label><select id=\"wpforms-4668-field_14\" class=\"wpforms-field-medium wpforms-field-required\" name=\"wpforms[fields][14]\" required=\"required\"><option value=\"---\" >---<\/option><option value=\"Realizar inversiones financieras en empresas del sector\" >Realizar inversiones financieras en empresas del sector<\/option><option value=\"Emprender y desarrollar una empresa \/ startup en el sector\" >Emprender y desarrollar una empresa \/ startup en el sector<\/option><option value=\"Trabajar, buscar oportunidades en empresas del sector\" >Trabajar, buscar oportunidades en empresas del sector<\/option><option value=\"Otros\" >Otros<\/option><\/select><\/div><div id=\"wpforms-4668-field_15-container\" class=\"wpforms-field wpforms-field-select wpforms-field-select-style-classic\" data-field-id=\"15\"><label class=\"wpforms-field-label\" for=\"wpforms-4668-field_15\">\u00bfTiene proyectos personales con alg\u00fan segmento del universo cann\u00e1bico? <span class=\"wpforms-required-label\">*<\/span><\/label><select id=\"wpforms-4668-field_15\" class=\"wpforms-field-medium wpforms-field-required\" name=\"wpforms[fields][15]\" required=\"required\"><option value=\"---\" >---<\/option><option value=\"S\u00c3\u00ad, tengo todo planeado en funcionamiento, buscando alianzas\" >S\u00c3\u00ad, tengo todo planeado en funcionamiento, buscando alianzas<\/option><option value=\"No, pero quiero crear un proyecto pronto\" >No, pero quiero crear un proyecto pronto<\/option><option value=\"M\u00c3\u00a1s o menos ... tengo muchas ideas y dudas para emprender un plan de negocio\" >M\u00c3\u00a1s o menos ... tengo muchas ideas y dudas para emprender un plan de negocio<\/option><\/select><\/div><div id=\"wpforms-4668-field_16-container\" class=\"wpforms-field wpforms-field-checkbox\" data-field-id=\"16\"><label class=\"wpforms-field-label\" for=\"wpforms-4668-field_16\">\u00bfTiene la intenci\u00f3n de invertir en qual segmentos de cannabis medicinal y ca\u00f1amo industrial? <span class=\"wpforms-required-label\">*<\/span><\/label><ul id=\"wpforms-4668-field_16\" class=\"wpforms-field-required\"><li class=\"choice-0 depth-1\"><input type=\"checkbox\" id=\"wpforms-4668-field_16_0\" name=\"wpforms[fields][16][]\" value=\"Agronegocios \" required ><label class=\"wpforms-field-label-inline\" for=\"wpforms-4668-field_16_0\">Agronegocios<\/label><\/li><li class=\"choice-1 depth-1\"><input type=\"checkbox\" id=\"wpforms-4668-field_16_1\" name=\"wpforms[fields][16][]\" value=\"Agroindustria\" required ><label class=\"wpforms-field-label-inline\" for=\"wpforms-4668-field_16_1\">Agroindustria<\/label><\/li><li class=\"choice-2 depth-1\"><input type=\"checkbox\" id=\"wpforms-4668-field_16_2\" name=\"wpforms[fields][16][]\" value=\"Desarrollo de medios de comunicaci\u00f3n \" required ><label class=\"wpforms-field-label-inline\" for=\"wpforms-4668-field_16_2\">Desarrollo de medios de comunicaci\u00f3n<\/label><\/li><li class=\"choice-3 depth-1\"><input type=\"checkbox\" id=\"wpforms-4668-field_16_3\" name=\"wpforms[fields][16][]\" value=\"Desarrollo tecnol\u00f3gico\" required ><label class=\"wpforms-field-label-inline\" for=\"wpforms-4668-field_16_3\">Desarrollo tecnol\u00f3gico<\/label><\/li><li class=\"choice-4 depth-1\"><input type=\"checkbox\" id=\"wpforms-4668-field_16_4\" name=\"wpforms[fields][16][]\" value=\"Ingenieri\u00ada e Infraestructura\" required ><label class=\"wpforms-field-label-inline\" for=\"wpforms-4668-field_16_4\">Ingenieri\u00ada e Infraestructura<\/label><\/li><li class=\"choice-5 depth-1\"><input type=\"checkbox\" id=\"wpforms-4668-field_16_5\" name=\"wpforms[fields][16][]\" value=\"Eventos y Turismo\" required ><label class=\"wpforms-field-label-inline\" for=\"wpforms-4668-field_16_5\">Eventos y Turismo<\/label><\/li><li class=\"choice-6 depth-1\"><input type=\"checkbox\" id=\"wpforms-4668-field_16_6\" name=\"wpforms[fields][16][]\" value=\"Formaci\u00f3n y Cualificaci\u00f3n\" required ><label class=\"wpforms-field-label-inline\" for=\"wpforms-4668-field_16_6\">Formaci\u00f3n y Cualificaci\u00f3n<\/label><\/li><li class=\"choice-7 depth-1\"><input type=\"checkbox\" id=\"wpforms-4668-field_16_7\" name=\"wpforms[fields][16][]\" value=\"Industria textil\" required ><label class=\"wpforms-field-label-inline\" for=\"wpforms-4668-field_16_7\">Industria textil<\/label><\/li><li class=\"choice-8 depth-1\"><input type=\"checkbox\" id=\"wpforms-4668-field_16_8\" name=\"wpforms[fields][16][]\" value=\"Industria de alimentos\" required ><label class=\"wpforms-field-label-inline\" for=\"wpforms-4668-field_16_8\">Industria de alimentos<\/label><\/li><li class=\"choice-9 depth-1\"><input type=\"checkbox\" id=\"wpforms-4668-field_16_9\" name=\"wpforms[fields][16][]\" value=\"Licencias y certificaciones\" required ><label class=\"wpforms-field-label-inline\" for=\"wpforms-4668-field_16_9\">Licencias y certificaciones<\/label><\/li><li class=\"choice-10 depth-1\"><input type=\"checkbox\" id=\"wpforms-4668-field_16_10\" name=\"wpforms[fields][16][]\" value=\"Negocios Internacionales\" required ><label class=\"wpforms-field-label-inline\" for=\"wpforms-4668-field_16_10\">Negocios Internacionales<\/label><\/li><li class=\"choice-11 depth-1\"><input type=\"checkbox\" id=\"wpforms-4668-field_16_11\" name=\"wpforms[fields][16][]\" value=\"Investigaci\u00f3n, desarrollo e innovaci\u00f3n\" required ><label class=\"wpforms-field-label-inline\" for=\"wpforms-4668-field_16_11\">Investigaci\u00f3n, desarrollo e innovaci\u00f3n<\/label><\/li><li class=\"choice-12 depth-1\"><input type=\"checkbox\" id=\"wpforms-4668-field_16_12\" name=\"wpforms[fields][16][]\" value=\"Produccion cosm\u00e9tica\" required ><label class=\"wpforms-field-label-inline\" for=\"wpforms-4668-field_16_12\">Produccion cosm\u00e9tica<\/label><\/li><li class=\"choice-13 depth-1\"><input type=\"checkbox\" id=\"wpforms-4668-field_16_13\" name=\"wpforms[fields][16][]\" value=\"Producci\u00f3n de energ\u00ed\u00ada\" required ><label class=\"wpforms-field-label-inline\" for=\"wpforms-4668-field_16_13\">Producci\u00f3n de energ\u00ed\u00ada<\/label><\/li><li class=\"choice-14 depth-1\"><input type=\"checkbox\" id=\"wpforms-4668-field_16_14\" name=\"wpforms[fields][16][]\" value=\"Servicios de salud\" required ><label class=\"wpforms-field-label-inline\" for=\"wpforms-4668-field_16_14\">Servicios de salud<\/label><\/li><li class=\"choice-15 depth-1\"><input type=\"checkbox\" id=\"wpforms-4668-field_16_15\" name=\"wpforms[fields][16][]\" value=\"Ventas en Comercio\" required ><label class=\"wpforms-field-label-inline\" for=\"wpforms-4668-field_16_15\">Ventas en Comercio<\/label><\/li><li class=\"choice-16 depth-1\"><input type=\"checkbox\" id=\"wpforms-4668-field_16_16\" name=\"wpforms[fields][16][]\" value=\"Otros\" required ><label class=\"wpforms-field-label-inline\" for=\"wpforms-4668-field_16_16\">Otros<\/label><\/li><\/ul><\/div><div id=\"wpforms-4668-field_17-container\" class=\"wpforms-field wpforms-field-select wpforms-field-select-style-classic\" data-field-id=\"17\"><label class=\"wpforms-field-label\" for=\"wpforms-4668-field_17\">\u00bfTiene experiencia en inversiones fuera de Brasil? <span class=\"wpforms-required-label\">*<\/span><\/label><select id=\"wpforms-4668-field_17\" class=\"wpforms-field-medium wpforms-field-required\" name=\"wpforms[fields][17]\" required=\"required\"><option value=\"---\" >---<\/option><option value=\"S\u00ed\u00ad, ya trabajo en el mercado internacional.\" >S\u00ed\u00ad, ya trabajo en el mercado internacional.<\/option><option value=\"No, quiero aprender m\u00e1s sobre inversiones.\" >No, quiero aprender m\u00e1s sobre inversiones.<\/option><\/select><\/div><div id=\"wpforms-4668-field_18-container\" class=\"wpforms-field wpforms-field-text\" data-field-id=\"18\"><label class=\"wpforms-field-label\" for=\"wpforms-4668-field_18\">\u00bfEn que pa\u00ed\u00adses INVIERTE de forma segura en cannabis medicinal y \/ o c\u00e1\u00f1amo industrial? <span class=\"wpforms-required-label\">*<\/span><\/label><input type=\"text\" id=\"wpforms-4668-field_18\" class=\"wpforms-field-medium wpforms-field-required\" name=\"wpforms[fields][18]\" required><\/div><div id=\"wpforms-4668-field_19-container\" class=\"wpforms-field wpforms-field-text\" data-field-id=\"19\"><label class=\"wpforms-field-label\" for=\"wpforms-4668-field_19\">\u00bfEn que pa\u00ed\u00adses INVERTIR\u00c1 con seguridad en cannabis medicinal y \/ o c\u00e1\u00f1amo industrial?<\/label><input type=\"text\" id=\"wpforms-4668-field_19\" class=\"wpforms-field-medium\" name=\"wpforms[fields][19]\" ><\/div><div id=\"wpforms-4668-field_20-container\" class=\"wpforms-field wpforms-field-textarea\" data-field-id=\"20\"><label class=\"wpforms-field-label\" for=\"wpforms-4668-field_20\">\u00bfCuales son sus expectativas de conocer y\/o participar en los comit\u00e9s y grupos de trabajo de ABICANN?<\/label><textarea id=\"wpforms-4668-field_20\" class=\"wpforms-field-medium\" name=\"wpforms[fields][20]\" ><\/textarea><\/div><div id=\"wpforms-4668-field_21-container\" class=\"wpforms-field wpforms-field-textarea\" data-field-id=\"21\"><label class=\"wpforms-field-label\" for=\"wpforms-4668-field_21\">Coment\u00e1rios adicionales:<\/label><textarea id=\"wpforms-4668-field_21\" class=\"wpforms-field-medium\" name=\"wpforms[fields][21]\" ><\/textarea><\/div><div id=\"wpforms-4668-field_24-container\" class=\"wpforms-field wpforms-field-checkbox\" data-field-id=\"24\"><label class=\"wpforms-field-label\" for=\"wpforms-4668-field_24\">Obligatorio: <span class=\"wpforms-required-label\">*<\/span><\/label><ul id=\"wpforms-4668-field_24\" class=\"wpforms-field-required\"><li class=\"choice-1 depth-1 wpforms-selected\"><input type=\"checkbox\" id=\"wpforms-4668-field_24_1\" name=\"wpforms[fields][24][]\" value=\"Quiero suscribirme a la newsletter de ABICANN\" required  checked='checked'><label class=\"wpforms-field-label-inline\" for=\"wpforms-4668-field_24_1\">Quiero suscribirme a la newsletter de ABICANN<\/label><\/li><li class=\"choice-2 depth-1 wpforms-selected\"><input type=\"checkbox\" id=\"wpforms-4668-field_24_2\" name=\"wpforms[fields][24][]\" value=\"Te autorizo \u200b\u200ba chatear conmigo por WhatsApp\" required  checked='checked'><label class=\"wpforms-field-label-inline\" for=\"wpforms-4668-field_24_2\">Te autorizo \u200b\u200ba chatear conmigo por WhatsApp<\/label><\/li><\/ul><\/div><\/div><!-- .wpforms-field-container --><div class=\"wpforms-recaptcha-container wpforms-is-recaptcha wpforms-is-recaptcha-type-v2\" ><div class=\"g-recaptcha\" data-sitekey=\"6Lf3X9IZAAAAAIAvKlg8e-uqG45rxnHMmjPqB6qc\"><\/div><input type=\"text\" name=\"g-recaptcha-hidden\" class=\"wpforms-recaptcha-hidden\" style=\"position:absolute!important;clip:rect(0,0,0,0)!important;height:1px!important;width:1px!important;border:0!important;overflow:hidden!important;padding:0!important;margin:0!important;\" data-rule-recaptcha=\"1\"><\/div><div class=\"wpforms-submit-container\" ><input type=\"hidden\" name=\"wpforms[id]\" value=\"4668\"><input type=\"hidden\" name=\"wpforms[author]\" value=\"3\"><button type=\"submit\" name=\"wpforms[submit]\" id=\"wpforms-submit-4668\" class=\"wpforms-submit\" data-alt-text=\"Solicitando...\" data-submit-text=\"Pedido\" aria-live=\"assertive\" value=\"wpforms-submit\">Pedido<\/button><\/div><\/form><\/div>  <!-- .wpforms-container -->\n<\/div><\/div><\/div><div class=\"fusion-layout-column fusion_builder_column fusion-builder-column-3 fusion_builder_column_1_5 1_5 fusion-flex-column fusion-no-small-visibility\" style=\"--awb-bg-size:cover;--awb-width-large:20%;--awb-margin-top-large:10px;--awb-spacing-right-large:9.6%;--awb-margin-bottom-large:10px;--awb-spacing-left-large:9.6%;--awb-width-medium:100%;--awb-order-medium:0;--awb-spacing-right-medium:1.92%;--awb-spacing-left-medium:1.92%;--awb-width-small:100%;--awb-order-small:0;--awb-spacing-right-small:1.92%;--awb-spacing-left-small:1.92%;\"><div class=\"fusion-column-wrapper fusion-column-has-shadow fusion-flex-justify-content-flex-start fusion-content-layout-column\"><\/div><\/div><\/div><\/div>\n","protected":false},"excerpt":{"rendered":"","protected":false},"author":3,"featured_media":0,"parent":0,"menu_order":0,"comment_status":"closed","ping_status":"closed","template":"100-width.php","meta":{"footnotes":""},"yoast_head":"<!-- This site is optimized with the Yoast SEO plugin v22.1 - https:\/\/yoast.com\/wordpress\/plugins\/seo\/ -->\n<title>Asoci\u00e9se | Associa\u00e7\u00e3o Brasileira das Ind\u00fastrias de Cannabis | ABICANN<\/title>\n<meta name=\"robots\" content=\"index, follow, max-snippet:-1, max-image-preview:large, max-video-preview:-1\" \/>\n<link rel=\"canonical\" href=\"https:\/\/abicann.org\/es\/asociese\/\" \/>\n<meta name=\"twitter:label1\" content=\"Est. reading time\" \/>\n\t<meta name=\"twitter:data1\" content=\"7 minutos\" \/>\n<script type=\"application\/ld+json\" class=\"yoast-schema-graph\">{\"@context\":\"https:\/\/schema.org\",\"@graph\":[{\"@type\":\"WebPage\",\"@id\":\"https:\/\/abicann.org\/es\/asociese\/\",\"url\":\"https:\/\/abicann.org\/es\/asociese\/\",\"name\":\"Asoci\u00e9se | Associa\u00e7\u00e3o Brasileira das Ind\u00fastrias de Cannabis | ABICANN\",\"isPartOf\":{\"@id\":\"https:\/\/abicann.org\/#website\"},\"datePublished\":\"2021-09-27T17:09:25+00:00\",\"dateModified\":\"2022-04-10T18:07:36+00:00\",\"breadcrumb\":{\"@id\":\"https:\/\/abicann.org\/es\/asociese\/#breadcrumb\"},\"inLanguage\":\"es\",\"potentialAction\":[{\"@type\":\"ReadAction\",\"target\":[\"https:\/\/abicann.org\/es\/asociese\/\"]}]},{\"@type\":\"BreadcrumbList\",\"@id\":\"https:\/\/abicann.org\/es\/asociese\/#breadcrumb\",\"itemListElement\":[{\"@type\":\"ListItem\",\"position\":1,\"name\":\"In\u00edcio\",\"item\":\"https:\/\/abicann.org\/es\/\"},{\"@type\":\"ListItem\",\"position\":2,\"name\":\"Asoci\u00e9se\"}]},{\"@type\":\"WebSite\",\"@id\":\"https:\/\/abicann.org\/#website\",\"url\":\"https:\/\/abicann.org\/\",\"name\":\"Associa\u00e7\u00e3o Brasileira das Ind\u00fastrias de Cannabis | ABICANN\",\"description\":\"Associa\u00e7\u00e3o empresarial de defesa da Cannabis no Brasil\",\"potentialAction\":[{\"@type\":\"SearchAction\",\"target\":{\"@type\":\"EntryPoint\",\"urlTemplate\":\"https:\/\/abicann.org\/?s={search_term_string}\"},\"query-input\":\"required name=search_term_string\"}],\"inLanguage\":\"es\"}]}<\/script>\n<!-- \/ Yoast SEO plugin. -->","yoast_head_json":{"title":"Asoci\u00e9se | Associa\u00e7\u00e3o Brasileira das Ind\u00fastrias de Cannabis | ABICANN","robots":{"index":"index","follow":"follow","max-snippet":"max-snippet:-1","max-image-preview":"max-image-preview:large","max-video-preview":"max-video-preview:-1"},"canonical":"https:\/\/abicann.org\/es\/asociese\/","twitter_misc":{"Est. reading time":"7 minutos"},"schema":{"@context":"https:\/\/schema.org","@graph":[{"@type":"WebPage","@id":"https:\/\/abicann.org\/es\/asociese\/","url":"https:\/\/abicann.org\/es\/asociese\/","name":"Asoci\u00e9se | Associa\u00e7\u00e3o Brasileira das Ind\u00fastrias de Cannabis | ABICANN","isPartOf":{"@id":"https:\/\/abicann.org\/#website"},"datePublished":"2021-09-27T17:09:25+00:00","dateModified":"2022-04-10T18:07:36+00:00","breadcrumb":{"@id":"https:\/\/abicann.org\/es\/asociese\/#breadcrumb"},"inLanguage":"es","potentialAction":[{"@type":"ReadAction","target":["https:\/\/abicann.org\/es\/asociese\/"]}]},{"@type":"BreadcrumbList","@id":"https:\/\/abicann.org\/es\/asociese\/#breadcrumb","itemListElement":[{"@type":"ListItem","position":1,"name":"In\u00edcio","item":"https:\/\/abicann.org\/es\/"},{"@type":"ListItem","position":2,"name":"Asoci\u00e9se"}]},{"@type":"WebSite","@id":"https:\/\/abicann.org\/#website","url":"https:\/\/abicann.org\/","name":"Associa\u00e7\u00e3o Brasileira das Ind\u00fastrias de Cannabis | ABICANN","description":"Associa\u00e7\u00e3o empresarial de defesa da Cannabis no Brasil","potentialAction":[{"@type":"SearchAction","target":{"@type":"EntryPoint","urlTemplate":"https:\/\/abicann.org\/?s={search_term_string}"},"query-input":"required name=search_term_string"}],"inLanguage":"es"}]}},"_links":{"self":[{"href":"https:\/\/abicann.org\/es\/wp-json\/wp\/v2\/pages\/3926"}],"collection":[{"href":"https:\/\/abicann.org\/es\/wp-json\/wp\/v2\/pages"}],"about":[{"href":"https:\/\/abicann.org\/es\/wp-json\/wp\/v2\/types\/page"}],"author":[{"embeddable":true,"href":"https:\/\/abicann.org\/es\/wp-json\/wp\/v2\/users\/3"}],"replies":[{"embeddable":true,"href":"https:\/\/abicann.org\/es\/wp-json\/wp\/v2\/comments?post=3926"}],"version-history":[{"count":10,"href":"https:\/\/abicann.org\/es\/wp-json\/wp\/v2\/pages\/3926\/revisions"}],"predecessor-version":[{"id":4676,"href":"https:\/\/abicann.org\/es\/wp-json\/wp\/v2\/pages\/3926\/revisions\/4676"}],"wp:attachment":[{"href":"https:\/\/abicann.org\/es\/wp-json\/wp\/v2\/media?parent=3926"}],"curies":[{"name":"wp","href":"https:\/\/api.w.org\/{rel}","templated":true}]}}