{"id":3940,"date":"2021-09-27T14:14:58","date_gmt":"2021-09-27T17:14:58","guid":{"rendered":"https:\/\/abicann.org\/boletin-suscripcion-confirmada\/"},"modified":"2021-09-27T14:14:58","modified_gmt":"2021-09-27T17:14:58","slug":"boletin-suscripcion-confirmada","status":"publish","type":"page","link":"https:\/\/abicann.org\/es\/boletin-suscripcion-confirmada\/","title":{"rendered":"Bolet\u00edn, suscripci\u00f3n confirmada!"},"content":{"rendered":"","protected":false},"excerpt":{"rendered":"","protected":false},"author":3,"featured_media":0,"parent":0,"menu_order":0,"comment_status":"closed","ping_status":"closed","template":"100-width.php","meta":{"footnotes":""},"yoast_head":"<!-- This site is optimized with the Yoast SEO plugin v22.1 - https:\/\/yoast.com\/wordpress\/plugins\/seo\/ -->\n<title>Bolet\u00edn, suscripci\u00f3n confirmada! | Associa\u00e7\u00e3o Brasileira das Ind\u00fastrias de Cannabis | ABICANN<\/title>\n<meta name=\"robots\" content=\"index, follow, max-snippet:-1, max-image-preview:large, max-video-preview:-1\" \/>\n<link rel=\"canonical\" href=\"https:\/\/abicann.org\/es\/boletin-suscripcion-confirmada\/\" \/>\n<script type=\"application\/ld+json\" class=\"yoast-schema-graph\">{\"@context\":\"https:\/\/schema.org\",\"@graph\":[{\"@type\":\"WebPage\",\"@id\":\"https:\/\/abicann.org\/es\/boletin-suscripcion-confirmada\/\",\"url\":\"https:\/\/abicann.org\/es\/boletin-suscripcion-confirmada\/\",\"name\":\"Bolet\u00edn, suscripci\u00f3n confirmada! | Associa\u00e7\u00e3o Brasileira das Ind\u00fastrias de Cannabis | ABICANN\",\"isPartOf\":{\"@id\":\"https:\/\/abicann.org\/#website\"},\"datePublished\":\"2021-09-27T17:14:58+00:00\",\"dateModified\":\"2021-09-27T17:14:58+00:00\",\"breadcrumb\":{\"@id\":\"https:\/\/abicann.org\/es\/boletin-suscripcion-confirmada\/#breadcrumb\"},\"inLanguage\":\"es\",\"potentialAction\":[{\"@type\":\"ReadAction\",\"target\":[\"https:\/\/abicann.org\/es\/boletin-suscripcion-confirmada\/\"]}]},{\"@type\":\"BreadcrumbList\",\"@id\":\"https:\/\/abicann.org\/es\/boletin-suscripcion-confirmada\/#breadcrumb\",\"itemListElement\":[{\"@type\":\"ListItem\",\"position\":1,\"name\":\"In\u00edcio\",\"item\":\"https:\/\/abicann.org\/es\/\"},{\"@type\":\"ListItem\",\"position\":2,\"name\":\"Bolet\u00edn, suscripci\u00f3n confirmada!\"}]},{\"@type\":\"WebSite\",\"@id\":\"https:\/\/abicann.org\/#website\",\"url\":\"https:\/\/abicann.org\/\",\"name\":\"Associa\u00e7\u00e3o Brasileira das Ind\u00fastrias de Cannabis | ABICANN\",\"description\":\"Associa\u00e7\u00e3o empresarial de defesa da Cannabis no Brasil\",\"potentialAction\":[{\"@type\":\"SearchAction\",\"target\":{\"@type\":\"EntryPoint\",\"urlTemplate\":\"https:\/\/abicann.org\/?s={search_term_string}\"},\"query-input\":\"required name=search_term_string\"}],\"inLanguage\":\"es\"}]}<\/script>\n<!-- \/ Yoast SEO plugin. -->","yoast_head_json":{"title":"Bolet\u00edn, suscripci\u00f3n confirmada! | Associa\u00e7\u00e3o Brasileira das Ind\u00fastrias de Cannabis | ABICANN","robots":{"index":"index","follow":"follow","max-snippet":"max-snippet:-1","max-image-preview":"max-image-preview:large","max-video-preview":"max-video-preview:-1"},"canonical":"https:\/\/abicann.org\/es\/boletin-suscripcion-confirmada\/","schema":{"@context":"https:\/\/schema.org","@graph":[{"@type":"WebPage","@id":"https:\/\/abicann.org\/es\/boletin-suscripcion-confirmada\/","url":"https:\/\/abicann.org\/es\/boletin-suscripcion-confirmada\/","name":"Bolet\u00edn, suscripci\u00f3n confirmada! | Associa\u00e7\u00e3o Brasileira das Ind\u00fastrias de Cannabis | ABICANN","isPartOf":{"@id":"https:\/\/abicann.org\/#website"},"datePublished":"2021-09-27T17:14:58+00:00","dateModified":"2021-09-27T17:14:58+00:00","breadcrumb":{"@id":"https:\/\/abicann.org\/es\/boletin-suscripcion-confirmada\/#breadcrumb"},"inLanguage":"es","potentialAction":[{"@type":"ReadAction","target":["https:\/\/abicann.org\/es\/boletin-suscripcion-confirmada\/"]}]},{"@type":"BreadcrumbList","@id":"https:\/\/abicann.org\/es\/boletin-suscripcion-confirmada\/#breadcrumb","itemListElement":[{"@type":"ListItem","position":1,"name":"In\u00edcio","item":"https:\/\/abicann.org\/es\/"},{"@type":"ListItem","position":2,"name":"Bolet\u00edn, suscripci\u00f3n confirmada!"}]},{"@type":"WebSite","@id":"https:\/\/abicann.org\/#website","url":"https:\/\/abicann.org\/","name":"Associa\u00e7\u00e3o Brasileira das Ind\u00fastrias de Cannabis | ABICANN","description":"Associa\u00e7\u00e3o empresarial de defesa da Cannabis no Brasil","potentialAction":[{"@type":"SearchAction","target":{"@type":"EntryPoint","urlTemplate":"https:\/\/abicann.org\/?s={search_term_string}"},"query-input":"required name=search_term_string"}],"inLanguage":"es"}]}},"_links":{"self":[{"href":"https:\/\/abicann.org\/es\/wp-json\/wp\/v2\/pages\/3940"}],"collection":[{"href":"https:\/\/abicann.org\/es\/wp-json\/wp\/v2\/pages"}],"about":[{"href":"https:\/\/abicann.org\/es\/wp-json\/wp\/v2\/types\/page"}],"author":[{"embeddable":true,"href":"https:\/\/abicann.org\/es\/wp-json\/wp\/v2\/users\/3"}],"replies":[{"embeddable":true,"href":"https:\/\/abicann.org\/es\/wp-json\/wp\/v2\/comments?post=3940"}],"version-history":[{"count":0,"href":"https:\/\/abicann.org\/es\/wp-json\/wp\/v2\/pages\/3940\/revisions"}],"wp:attachment":[{"href":"https:\/\/abicann.org\/es\/wp-json\/wp\/v2\/media?parent=3940"}],"curies":[{"name":"wp","href":"https:\/\/api.w.org\/{rel}","templated":true}]}}