{"id":4017,"date":"2021-09-27T15:24:04","date_gmt":"2021-09-27T18:24:04","guid":{"rendered":"https:\/\/abicann.org\/politica-de-privacidade\/"},"modified":"2021-09-27T16:02:22","modified_gmt":"2021-09-27T19:02:22","slug":"politica-de-privacidad","status":"publish","type":"page","link":"https:\/\/abicann.org\/es\/politica-de-privacidad\/","title":{"rendered":"Pol\u00edtica de Privacidad"},"content":{"rendered":"<p><div class=\"fusion-fullwidth fullwidth-box fusion-builder-row-1 fusion-flex-container nonhundred-percent-fullwidth non-hundred-percent-height-scrolling\" style=\"--awb-border-radius-top-left:0px;--awb-border-radius-top-right:0px;--awb-border-radius-bottom-right:0px;--awb-border-radius-bottom-left:0px;\" ><div class=\"fusion-builder-row fusion-row fusion-flex-align-items-flex-start\" style=\"max-width:1331.2px;margin-left: calc(-4% \/ 2 );margin-right: calc(-4% \/ 2 );\"><div class=\"fusion-layout-column fusion_builder_column fusion-builder-column-0 fusion_builder_column_1_6 1_6 fusion-flex-column fusion-no-small-visibility\" style=\"--awb-bg-size:cover;--awb-width-large:16.666666666667%;--awb-margin-top-large:10px;--awb-spacing-right-large:11.52%;--awb-margin-bottom-large:10px;--awb-spacing-left-large:11.52%;--awb-width-medium:100%;--awb-order-medium:0;--awb-spacing-right-medium:1.92%;--awb-spacing-left-medium:1.92%;--awb-width-small:100%;--awb-order-small:0;--awb-spacing-right-small:1.92%;--awb-spacing-left-small:1.92%;\"><div class=\"fusion-column-wrapper fusion-column-has-shadow fusion-flex-justify-content-flex-start fusion-content-layout-column\"><\/div><\/div><div class=\"fusion-layout-column fusion_builder_column fusion-builder-column-1 fusion_builder_column_2_3 2_3 fusion-flex-column\" style=\"--awb-bg-size:cover;--awb-width-large:66.666666666667%;--awb-margin-top-large:0px;--awb-spacing-right-large:2.88%;--awb-margin-bottom-large:0px;--awb-spacing-left-large:2.88%;--awb-width-medium:100%;--awb-spacing-right-medium:1.92%;--awb-spacing-left-medium:1.92%;--awb-width-small:100%;--awb-spacing-right-small:1.92%;--awb-spacing-left-small:1.92%;\"><div class=\"fusion-column-wrapper fusion-flex-justify-content-flex-start fusion-content-layout-column\"><div class=\"fusion-text fusion-text-1\"><\/p>\n<p><strong>Pol\u00edtica de Privacidade da Associa\u00e7\u00e3o Brasileira das Ind\u00fastrias de Cannabis (ABICANN)<\/strong><\/p>\n<p><strong>1. <\/strong><u>Qual o objetivo da Pol\u00edtica de Privacidade<\/u>?<\/p>\n<p>A ABICANN possui o compromisso de zelar pela transpar\u00eancia e respeitar a privacidade dos seus associados e quaisquer outros indiv\u00edduos com os quais se relaciona. Nesse sentido, criamos o presente documento com o objetivo de proporcionar um claro entendimento sobre o tratamento dos dados pessoais no \u00e2mbito da atua\u00e7\u00e3o da ABICANN. Recomendamos que voc\u00ea leia o documento com m\u00e1xima aten\u00e7\u00e3o e nos colocamos \u00e0 disposi\u00e7\u00e3o para mais informa\u00e7\u00f5es pelo e-mail <u>portal@abicann.org<\/u>.<\/p>\n<p><u>2. Quem \u00e9 o controlador dos dados pessoais?<\/u><\/p>\n<p>A ABICANN ser\u00e1 o controlador dos dados pessoais coletados no \u00e2mbito da rela\u00e7\u00e3o estabelecida com voc\u00ea. Nos temos da legisla\u00e7\u00e3o brasileira, controlador \u00e9 a quem compete as decis\u00f5es referentes ao tratamento de dados pessoais.<\/p>\n<p><u>3. Quais os tipos de dados pessoais?<\/u><\/p>\n<p>Visando atingir seus objetivos e finalidades institucionais, a ABICANN poder\u00e1 ter acesso a um grande repert\u00f3rio de dados pessoais, seja diretamente com o titular, com algu\u00e9m relacionado ao titular ou a partir de fontes p\u00fablicas, tais como:<\/p>\n<ul>\n<li>dados de identifica\u00e7\u00e3o (nome completo, nacionalidade, estado civil, profiss\u00e3o, endere\u00e7o, RG, CPF, CNH, endere\u00e7o de e-mail, entre outros);<\/li>\n<li>dados de contato (nome, e-mail, organiza\u00e7\u00e3o em que trabalha, cargo, telefone, endere\u00e7o, entre outros);<\/li>\n<li>dados de prestadores de servi\u00e7o (nome, endere\u00e7o, telefone, e-mail, dados de documentos, inscri\u00e7\u00e3o no INSS, entre outros);<\/li>\n<li>informa\u00e7\u00f5es banc\u00e1rias (institui\u00e7\u00e3o financeira, chave pix, conta corrente e ag\u00eancia, entre outros);<\/li>\n<li>informa\u00e7\u00f5es de uso e hist\u00f3rico de navega\u00e7\u00e3o (<em>Internet Protocol<\/em>, data e hora de acesso, tempo de perman\u00eancia, \u00edndice de engajamento, dados anal\u00edticos, entre outros).<\/li>\n<\/ul>\n<p><u>4. Quais as finalidades do tratamento dos dados pessoais<\/u>?<\/p>\n<p>Quando voc\u00ea se associa ou de alguma outra forma interage com a ABICANN, podemos realizar o tratamento de seus dados pessoais para diversas finalidades, tais como:<\/p>\n<ul>\n<li>viabilizar o desenvolvimento de projetos e novos neg\u00f3cios para voc\u00ea ou para a empresa que representa, caso seja associado;<\/li>\n<li>gerenciar nosso relacionamento com voc\u00ea ou com a empresa que representa, caso seja associado;<\/li>\n<li>realizar reuni\u00f5es, de modo presencial ou virtual;<\/li>\n<li>viabilizar a sua participa\u00e7\u00e3o nos eventos produzidos pela ABICANN;<\/li>\n<li>enviar conte\u00fados produzidos pela ABICANN, como comunicados institucionais, relat\u00f3rios, informativos, pesquisas, estudos, entre outros;<\/li>\n<li>elaborar, revisar ou negociar contratos nos quais voc\u00ea seja uma das partes ou esteja de algum modo envolvido;<\/li>\n<li>melhorar nossa comunica\u00e7\u00e3o com voc\u00ea, desenvolver as funcionalidades de nosso site, e realizar an\u00e1lises sobre a efetividade e pertin\u00eancia do conte\u00fado que produzimos;<\/li>\n<li>cumprir obriga\u00e7\u00f5es legais e decis\u00f5es judiciais;<\/li>\n<\/ul>\n<p><u>5 &#8211; Com que compartilhamos os dados pessoais<\/u>?<\/p>\n<p>A ABICANN poder\u00e1 compartilhar seus dados pessoais com:<\/p>\n<ul>\n<li>membros da diretoria, membros do conselho fiscal e associados;<\/li>\n<li>prestadores de servi\u00e7os, fornecedores e parceiros;<\/li>\n<li>autoridades governamentais e \u00f3rg\u00e3os reguladores;<\/li>\n<li>terceiros relacionados \u00e0 estrutura\u00e7\u00e3o e implementa\u00e7\u00e3o de novos neg\u00f3cios e projetos;<\/li>\n<li>provedores de softwares, servi\u00e7os de hospedagem em nuvem e outras tecnologias da informa\u00e7\u00e3o;<\/li>\n<li>terceiros indicados e autorizados por voc\u00ea.<\/li>\n<\/ul>\n<p>A ABICANN poder\u00e1 transferir seus dados pessoais a prestadores de servi\u00e7os, fornecedores e parceiros localizados no exterior. Nessa hip\u00f3tese, adotaremos todas medidas apropriadas para garantir a prote\u00e7\u00e3o de seus dados pessoais, nos termos da legisla\u00e7\u00e3o brasileira.<\/p>\n<p><u>6. Por quanto tempo armazenamos os dados pessoais<\/u>?<\/p>\n<p>A ABICANN tem o compromisso de armazenar os dados pessoais somente pelo per\u00edodo que for estritamente necess\u00e1rio para alcan\u00e7ar as finalidades espec\u00edficas \u00e0s quais se destinam, retendo as informa\u00e7\u00f5es pelo menor prazo poss\u00edvel.<\/p>\n<p>O per\u00edodo de reten\u00e7\u00e3o de cada um dos dados pessoais \u00e9 definido de acordo com as particularidades de cada tratamento, podendo se dar pelo tempo exigido pela lei ou pelo tempo que o titular solicitar a exclus\u00e3o dos seus dados pessoais.<\/p>\n<p>Ao t\u00e9rmino do tratamento dos dados pessoais, ressalvadas as hip\u00f3teses previstas em lei ou no presente documento, os dados pessoais ser\u00e3o eliminados pela ABICANN.<\/p>\n<p><u>7 &#8211; Quais s\u00e3o os seus direitos<\/u>?<\/p>\n<p>Voc\u00ea possui os seguintes direitos em rela\u00e7\u00e3o aos seus dados pessoais:<\/p>\n<ul>\n<li>confirma\u00e7\u00e3o do tratamento;<\/li>\n<li>acesso;<\/li>\n<li>retifica\u00e7\u00e3o nas hip\u00f3teses de estarem incompletos, inexatos ou desatualizados;<\/li>\n<li>anonimiza\u00e7\u00e3o, bloqueio ou exclus\u00e3o;<\/li>\n<li>portabilidade;<\/li>\n<li>elimina\u00e7\u00e3o;<\/li>\n<li>informa\u00e7\u00f5es sobre compartilhamento;<\/li>\n<li>informa\u00e7\u00f5es sobre a possibilidade de negar seu consentimento;<\/li>\n<li>revoga\u00e7\u00e3o do consentimento e oposi\u00e7\u00e3o ao tratamento; e,<\/li>\n<li>direito de reclama\u00e7\u00e3o \u00e0 Ag\u00eancia Nacional de Prote\u00e7\u00e3o de Dados (ANPD).<\/li>\n<\/ul>\n<p>Todos os seus direitos podem ser exercidos a qualquer momento, de modo gratuito, salvo exce\u00e7\u00f5es previstas em lei, e a ABICANN se compromete a reunir os melhores esfor\u00e7os para atender seus pedidos de maneira r\u00e1pida e eficiente.<\/p>\n<p><u>8 &#8211; LGPD, Coleta e uso de <em>cookies<\/em><\/u>:<\/p>\n<p>Nosso website faz uso de cookies.<\/p>\n<p><em>Cookies<\/em> s\u00e3o pequenos arquivos de texto que s\u00e3o armazenados em seu navegador ou em seu dispositivo quando voc\u00ea visita a maioria dos sites dispon\u00edveis na internet. Os <em>cookies<\/em> servem basicamente para permitir que suas prefer\u00eancias sejam reconhecidas e aplicadas durante a navega\u00e7\u00e3o, bem como para avaliar m\u00e9tricas, identificar problemas de uso e coletar informa\u00e7\u00f5es gerais sobre o comportamento do usu\u00e1rio.<\/p>\n<p>Existem diversos tipos de <em>cookies<\/em>, tais como:<\/p>\n<ul>\n<li><em>cookies <\/em>estritamente necess\u00e1rios;<\/li>\n<li><em>cookies<\/em> preferenciais; e,<\/li>\n<li><em>cookies<\/em> anal\u00edticos.<\/li>\n<\/ul>\n<p>Ao usar nosso site, voc\u00ea reconhece o uso de <em>cookies<\/em> de acordo com as condi\u00e7\u00f5es aqui descritas. Caso voc\u00ea se oponha \u00e0 utiliza\u00e7\u00e3o, \u00e9 poss\u00edvel recusar a instala\u00e7\u00e3o desses <em>cookies<\/em>, bem como remov\u00ea-los do seu navegador ou dispositivo, com exce\u00e7\u00e3o dos cookies estritamente necess\u00e1rios, que s\u00e3o fundamentais para o funcionamento do site.<\/p>\n<p><u>9. Disposi\u00e7\u00f5es gerais e encerramento<\/u>:<\/p>\n<p>A ABICANN reafirma seu compromisso com a confidencialidade e o tratamento respons\u00e1vel dos dados que recebe. Adotamos todas as medidas organizacionais e tecnol\u00f3gicas para respeitar a privacidade e proteger os dados dos titulares com os quais se relaciona. Nosso encarregado, que \u00e9 o respons\u00e1vel por qualquer solicita\u00e7\u00e3o ou informa\u00e7\u00e3o em rela\u00e7\u00e3o aos seus dados pessoais, pode ser contatado pelo e-mail: <u>portal@abicann.org<\/u>. Por fim, a ABICANN se resguarda ao direito de alterar sua Pol\u00edtica de Privacidade ao longo do tempo, visando sempre atender as exig\u00eancias legais e o desenvolvimento tecnol\u00f3gico, se comprometendo a previamente publicar as altera\u00e7\u00f5es e a vers\u00e3o atualizada do documento nesta p\u00e1gina.<\/p>\n<\/div><\/div><\/div><div class=\"fusion-layout-column fusion_builder_column fusion-builder-column-2 fusion_builder_column_1_6 1_6 fusion-flex-column fusion-no-small-visibility\" style=\"--awb-bg-size:cover;--awb-width-large:16.666666666667%;--awb-margin-top-large:10px;--awb-spacing-right-large:11.52%;--awb-margin-bottom-large:10px;--awb-spacing-left-large:11.52%;--awb-width-medium:100%;--awb-order-medium:0;--awb-spacing-right-medium:1.92%;--awb-spacing-left-medium:1.92%;--awb-width-small:100%;--awb-order-small:0;--awb-spacing-right-small:1.92%;--awb-spacing-left-small:1.92%;\"><div class=\"fusion-column-wrapper fusion-column-has-shadow fusion-flex-justify-content-flex-start fusion-content-layout-column\"><\/div><\/div><\/div><\/div><div class=\"fusion-fullwidth fullwidth-box fusion-builder-row-2 fusion-flex-container nonhundred-percent-fullwidth non-hundred-percent-height-scrolling\" style=\"--awb-border-radius-top-left:0px;--awb-border-radius-top-right:0px;--awb-border-radius-bottom-right:0px;--awb-border-radius-bottom-left:0px;\" ><div class=\"fusion-builder-row fusion-row fusion-flex-align-items-flex-start\" style=\"max-width:1331.2px;margin-left: calc(-4% \/ 2 );margin-right: calc(-4% \/ 2 );\"><div class=\"fusion-layout-column fusion_builder_column fusion-builder-column-3 fusion_builder_column_1_1 1_1 fusion-flex-column\" style=\"--awb-bg-size:cover;--awb-width-large:100%;--awb-margin-top-large:0px;--awb-spacing-right-large:1.92%;--awb-margin-bottom-large:0px;--awb-spacing-left-large:1.92%;--awb-width-medium:100%;--awb-spacing-right-medium:1.92%;--awb-spacing-left-medium:1.92%;--awb-width-small:100%;--awb-spacing-right-small:1.92%;--awb-spacing-left-small:1.92%;\"><div class=\"fusion-column-wrapper fusion-flex-justify-content-flex-start fusion-content-layout-column\"><div class=\"fusion-text fusion-text-2\"><\/div><\/div><\/div><\/div><\/div><\/p>","protected":false},"excerpt":{"rendered":"","protected":false},"author":3,"featured_media":0,"parent":0,"menu_order":0,"comment_status":"closed","ping_status":"open","template":"100-width.php","meta":{"footnotes":""},"yoast_head":"<!-- This site is optimized with the Yoast SEO plugin v22.1 - https:\/\/yoast.com\/wordpress\/plugins\/seo\/ -->\n<title>Pol\u00edtica de Privacidad | Associa\u00e7\u00e3o Brasileira das Ind\u00fastrias de Cannabis | ABICANN<\/title>\n<meta name=\"robots\" content=\"index, follow, max-snippet:-1, max-image-preview:large, max-video-preview:-1\" \/>\n<link rel=\"canonical\" href=\"https:\/\/abicann.org\/es\/politica-de-privacidad\/\" \/>\n<meta name=\"twitter:label1\" content=\"Est. reading time\" \/>\n\t<meta name=\"twitter:data1\" content=\"10 minutos\" \/>\n<script type=\"application\/ld+json\" class=\"yoast-schema-graph\">{\"@context\":\"https:\/\/schema.org\",\"@graph\":[{\"@type\":\"WebPage\",\"@id\":\"https:\/\/abicann.org\/es\/politica-de-privacidad\/\",\"url\":\"https:\/\/abicann.org\/es\/politica-de-privacidad\/\",\"name\":\"Pol\u00edtica de Privacidad | Associa\u00e7\u00e3o Brasileira das Ind\u00fastrias de Cannabis | ABICANN\",\"isPartOf\":{\"@id\":\"https:\/\/abicann.org\/#website\"},\"datePublished\":\"2021-09-27T18:24:04+00:00\",\"dateModified\":\"2021-09-27T19:02:22+00:00\",\"breadcrumb\":{\"@id\":\"https:\/\/abicann.org\/es\/politica-de-privacidad\/#breadcrumb\"},\"inLanguage\":\"es\",\"potentialAction\":[{\"@type\":\"ReadAction\",\"target\":[\"https:\/\/abicann.org\/es\/politica-de-privacidad\/\"]}]},{\"@type\":\"BreadcrumbList\",\"@id\":\"https:\/\/abicann.org\/es\/politica-de-privacidad\/#breadcrumb\",\"itemListElement\":[{\"@type\":\"ListItem\",\"position\":1,\"name\":\"In\u00edcio\",\"item\":\"https:\/\/abicann.org\/es\/\"},{\"@type\":\"ListItem\",\"position\":2,\"name\":\"Pol\u00edtica de Privacidad\"}]},{\"@type\":\"WebSite\",\"@id\":\"https:\/\/abicann.org\/#website\",\"url\":\"https:\/\/abicann.org\/\",\"name\":\"Associa\u00e7\u00e3o Brasileira das Ind\u00fastrias de Cannabis | ABICANN\",\"description\":\"Associa\u00e7\u00e3o empresarial de defesa da Cannabis no Brasil\",\"potentialAction\":[{\"@type\":\"SearchAction\",\"target\":{\"@type\":\"EntryPoint\",\"urlTemplate\":\"https:\/\/abicann.org\/?s={search_term_string}\"},\"query-input\":\"required name=search_term_string\"}],\"inLanguage\":\"es\"}]}<\/script>\n<!-- \/ Yoast SEO plugin. -->","yoast_head_json":{"title":"Pol\u00edtica de Privacidad | Associa\u00e7\u00e3o Brasileira das Ind\u00fastrias de Cannabis | ABICANN","robots":{"index":"index","follow":"follow","max-snippet":"max-snippet:-1","max-image-preview":"max-image-preview:large","max-video-preview":"max-video-preview:-1"},"canonical":"https:\/\/abicann.org\/es\/politica-de-privacidad\/","twitter_misc":{"Est. reading time":"10 minutos"},"schema":{"@context":"https:\/\/schema.org","@graph":[{"@type":"WebPage","@id":"https:\/\/abicann.org\/es\/politica-de-privacidad\/","url":"https:\/\/abicann.org\/es\/politica-de-privacidad\/","name":"Pol\u00edtica de Privacidad | Associa\u00e7\u00e3o Brasileira das Ind\u00fastrias de Cannabis | ABICANN","isPartOf":{"@id":"https:\/\/abicann.org\/#website"},"datePublished":"2021-09-27T18:24:04+00:00","dateModified":"2021-09-27T19:02:22+00:00","breadcrumb":{"@id":"https:\/\/abicann.org\/es\/politica-de-privacidad\/#breadcrumb"},"inLanguage":"es","potentialAction":[{"@type":"ReadAction","target":["https:\/\/abicann.org\/es\/politica-de-privacidad\/"]}]},{"@type":"BreadcrumbList","@id":"https:\/\/abicann.org\/es\/politica-de-privacidad\/#breadcrumb","itemListElement":[{"@type":"ListItem","position":1,"name":"In\u00edcio","item":"https:\/\/abicann.org\/es\/"},{"@type":"ListItem","position":2,"name":"Pol\u00edtica de Privacidad"}]},{"@type":"WebSite","@id":"https:\/\/abicann.org\/#website","url":"https:\/\/abicann.org\/","name":"Associa\u00e7\u00e3o Brasileira das Ind\u00fastrias de Cannabis | ABICANN","description":"Associa\u00e7\u00e3o empresarial de defesa da Cannabis no Brasil","potentialAction":[{"@type":"SearchAction","target":{"@type":"EntryPoint","urlTemplate":"https:\/\/abicann.org\/?s={search_term_string}"},"query-input":"required name=search_term_string"}],"inLanguage":"es"}]}},"_links":{"self":[{"href":"https:\/\/abicann.org\/es\/wp-json\/wp\/v2\/pages\/4017"}],"collection":[{"href":"https:\/\/abicann.org\/es\/wp-json\/wp\/v2\/pages"}],"about":[{"href":"https:\/\/abicann.org\/es\/wp-json\/wp\/v2\/types\/page"}],"author":[{"embeddable":true,"href":"https:\/\/abicann.org\/es\/wp-json\/wp\/v2\/users\/3"}],"replies":[{"embeddable":true,"href":"https:\/\/abicann.org\/es\/wp-json\/wp\/v2\/comments?post=4017"}],"version-history":[{"count":5,"href":"https:\/\/abicann.org\/es\/wp-json\/wp\/v2\/pages\/4017\/revisions"}],"predecessor-version":[{"id":4063,"href":"https:\/\/abicann.org\/es\/wp-json\/wp\/v2\/pages\/4017\/revisions\/4063"}],"wp:attachment":[{"href":"https:\/\/abicann.org\/es\/wp-json\/wp\/v2\/media?parent=4017"}],"curies":[{"name":"wp","href":"https:\/\/api.w.org\/{rel}","templated":true}]}}